{"id":5564,"date":"2025-10-28T12:30:05","date_gmt":"2025-10-28T11:30:05","guid":{"rendered":"https:\/\/www.pictino.com\/ueber-uns\/"},"modified":"2025-10-28T13:27:14","modified_gmt":"2025-10-28T12:27:14","slug":"ueber-uns","status":"publish","type":"page","link":"https:\/\/www.pictino.com\/de_at\/ueber-uns\/","title":{"rendered":"\u00dcber uns"},"content":{"rendered":"\t\t<div data-elementor-type=\"wp-page\" data-elementor-id=\"5564\" class=\"elementor elementor-5564 elementor-1558\">\n\t\t\t\t<div class=\"elementor-element elementor-element-3851834 e-con-full e-flex e-con e-parent\" data-id=\"3851834\" data-element_type=\"container\">\n\t\t<div class=\"elementor-element elementor-element-7cd5e04 e-con-full e-flex e-con e-child\" data-id=\"7cd5e04\" data-element_type=\"container\">\n\t\t<div class=\"elementor-element elementor-element-038b682 e-flex e-con-boxed e-con e-child\" data-id=\"038b682\" data-element_type=\"container\">\n\t\t\t\t\t<div class=\"e-con-inner\">\n\t\t\t\t<div class=\"elementor-element elementor-element-a99e71a elementor-widget elementor-widget-heading\" data-id=\"a99e71a\" data-element_type=\"widget\" data-widget_type=\"heading.default\">\n\t\t\t\t\t<h1 class=\"elementor-heading-title elementor-size-default\">Pictino<\/h1>\t\t\t\t<\/div>\n\t\t\t\t\t<\/div>\n\t\t\t\t<\/div>\n\t\t<div class=\"elementor-element elementor-element-51dfa1f e-flex e-con-boxed e-con e-child\" data-id=\"51dfa1f\" data-element_type=\"container\">\n\t\t\t\t\t<div class=\"e-con-inner\">\n\t\t\t\t<div class=\"elementor-element elementor-element-9afea8c elementor-widget elementor-widget-heading\" data-id=\"9afea8c\" data-element_type=\"widget\" data-widget_type=\"heading.default\">\n\t\t\t\t\t<h2 class=\"elementor-heading-title elementor-size-default\">\u00dcber uns<\/h2>\t\t\t\t<\/div>\n\t\t\t\t\t<\/div>\n\t\t\t\t<\/div>\n\t\t\t\t<\/div>\n\t\t<div class=\"elementor-element elementor-element-f4c53aa e-flex e-con-boxed e-con e-child\" data-id=\"f4c53aa\" data-element_type=\"container\">\n\t\t\t\t\t<div class=\"e-con-inner\">\n\t\t<div class=\"elementor-element elementor-element-b0860b0 e-con-full e-flex e-con e-child\" data-id=\"b0860b0\" data-element_type=\"container\">\n\t\t\t\t<div class=\"elementor-element elementor-element-a6a933c elementor-widget elementor-widget-image\" data-id=\"a6a933c\" data-element_type=\"widget\" data-widget_type=\"image.default\">\n\t\t\t\t\t\t\t\t\t\t\t\t\t\t\t<img fetchpriority=\"high\" decoding=\"async\" width=\"1024\" height=\"683\" src=\"https:\/\/www.pictino.com\/wp-content\/uploads\/2025\/10\/Hojtbord1-1024x683.jpg\" class=\"attachment-large size-large wp-image-7216\" alt=\"\" srcset=\"https:\/\/www.pictino.com\/wp-content\/uploads\/2025\/10\/Hojtbord1-1024x683.jpg 1024w, https:\/\/www.pictino.com\/wp-content\/uploads\/2025\/10\/Hojtbord1-300x200.jpg 300w, https:\/\/www.pictino.com\/wp-content\/uploads\/2025\/10\/Hojtbord1-768x512.jpg 768w, https:\/\/www.pictino.com\/wp-content\/uploads\/2025\/10\/Hojtbord1-600x400.jpg 600w, https:\/\/www.pictino.com\/wp-content\/uploads\/2025\/10\/Hojtbord1.jpg 1200w\" sizes=\"(max-width: 1024px) 100vw, 1024px\" \/>\t\t\t\t\t\t\t\t\t\t\t\t\t\t\t<\/div>\n\t\t\t\t<\/div>\n\t\t<div class=\"elementor-element elementor-element-a1b94b6 e-con-full e-flex e-con e-child\" data-id=\"a1b94b6\" data-element_type=\"container\">\n\t\t\t\t<div class=\"elementor-element elementor-element-1e50883 elementor-widget elementor-widget-text-editor\" data-id=\"1e50883\" data-element_type=\"widget\" data-widget_type=\"text-editor.default\">\n\t\t\t\t\t\t\t\t\t<p><strong>Bei Pictino sind wir \u00fcberzeugt<\/strong>, dass das Erstellen eines Fotobuchs weder teuer noch schwierig sein muss. Wir verstehen, dass du deine wertvolle Zeit lieber damit verbringen m\u00f6chtest, Erinnerungen zu schaffen, statt dich mit komplizierten Fotob\u00fcchern herumzuschlagen. Deshalb haben wir die Vorarbeit f\u00fcr dich erledigt. So kannst du mit nur wenigen Handgriffen ein sch\u00f6nes Buch mit all den Fotomomenten gestalten, die dir wichtig sind.  <\/p>\t\t\t\t\t\t\t\t<\/div>\n\t\t\t\t<\/div>\n\t\t\t\t\t<\/div>\n\t\t\t\t<\/div>\n\t\t<div class=\"elementor-element elementor-element-9e742e7 e-flex e-con-boxed e-con e-child\" data-id=\"9e742e7\" data-element_type=\"container\">\n\t\t\t\t\t<div class=\"e-con-inner\">\n\t\t<div class=\"elementor-element elementor-element-cb76769 e-con-full e-flex e-con e-child\" data-id=\"cb76769\" data-element_type=\"container\">\n\t\t\t\t<div class=\"elementor-element elementor-element-5c056a1 elementor-widget elementor-widget-text-editor\" data-id=\"5c056a1\" data-element_type=\"widget\" data-widget_type=\"text-editor.default\">\n\t\t\t\t\t\t\t\t\t<strong>Hinter Pictino<\/strong> steht das Team von <a href=\"https:\/\/www.meineigenesbuch.at\/\" target=\"_blank\">Mein Eigenes Buch<\/a>, das seit 2014 mehr als 2 Millionen hochwertige, personalisierte Kinderb\u00fccher erstellt hat. Mit dieser Erfahrung helfen wir dir nun, deine eigene Geschichte zu erz\u00e4hlen \u2013 denn jeder verdient eine gute Geschichte. \t\t\t\t\t\t\t\t<\/div>\n\t\t\t\t<\/div>\n\t\t<div class=\"elementor-element elementor-element-9a1d5e1 e-con-full e-flex e-con e-child\" data-id=\"9a1d5e1\" data-element_type=\"container\">\n\t\t\t\t<div class=\"elementor-element elementor-element-435ea50 elementor-widget elementor-widget-image\" data-id=\"435ea50\" data-element_type=\"widget\" data-widget_type=\"image.default\">\n\t\t\t\t\t\t\t\t\t\t\t\t\t\t\t<img decoding=\"async\" width=\"1024\" height=\"683\" src=\"https:\/\/www.pictino.com\/wp-content\/uploads\/2025\/10\/Gruppebillede-1024x683.jpg\" class=\"attachment-large size-large wp-image-7186\" alt=\"\" srcset=\"https:\/\/www.pictino.com\/wp-content\/uploads\/2025\/10\/Gruppebillede-1024x683.jpg 1024w, https:\/\/www.pictino.com\/wp-content\/uploads\/2025\/10\/Gruppebillede-300x200.jpg 300w, https:\/\/www.pictino.com\/wp-content\/uploads\/2025\/10\/Gruppebillede-768x512.jpg 768w, https:\/\/www.pictino.com\/wp-content\/uploads\/2025\/10\/Gruppebillede-600x400.jpg 600w, https:\/\/www.pictino.com\/wp-content\/uploads\/2025\/10\/Gruppebillede.jpg 1200w\" sizes=\"(max-width: 1024px) 100vw, 1024px\" \/>\t\t\t\t\t\t\t\t\t\t\t\t\t\t\t<\/div>\n\t\t\t\t<\/div>\n\t\t\t\t\t<\/div>\n\t\t\t\t<\/div>\n\t\t<div class=\"elementor-element elementor-element-8ceb487 e-flex e-con-boxed e-con e-child\" data-id=\"8ceb487\" data-element_type=\"container\">\n\t\t\t\t\t<div class=\"e-con-inner\">\n\t\t<div class=\"elementor-element elementor-element-95093e2 e-con-full e-flex e-con e-child\" data-id=\"95093e2\" data-element_type=\"container\">\n\t\t\t\t<div class=\"elementor-element elementor-element-49cfdca elementor-widget elementor-widget-image\" data-id=\"49cfdca\" data-element_type=\"widget\" data-widget_type=\"image.default\">\n\t\t\t\t\t\t\t\t\t\t\t\t\t\t\t<img decoding=\"async\" width=\"1024\" height=\"683\" src=\"https:\/\/www.pictino.com\/wp-content\/uploads\/2025\/10\/Modelokalet-1024x683.jpg\" class=\"attachment-large size-large wp-image-7232\" alt=\"\" srcset=\"https:\/\/www.pictino.com\/wp-content\/uploads\/2025\/10\/Modelokalet-1024x683.jpg 1024w, https:\/\/www.pictino.com\/wp-content\/uploads\/2025\/10\/Modelokalet-300x200.jpg 300w, https:\/\/www.pictino.com\/wp-content\/uploads\/2025\/10\/Modelokalet-768x512.jpg 768w, https:\/\/www.pictino.com\/wp-content\/uploads\/2025\/10\/Modelokalet-600x400.jpg 600w, https:\/\/www.pictino.com\/wp-content\/uploads\/2025\/10\/Modelokalet.jpg 1200w\" sizes=\"(max-width: 1024px) 100vw, 1024px\" \/>\t\t\t\t\t\t\t\t\t\t\t\t\t\t\t<\/div>\n\t\t\t\t<\/div>\n\t\t<div class=\"elementor-element elementor-element-96cdfa9 e-con-full e-flex e-con e-child\" data-id=\"96cdfa9\" data-element_type=\"container\">\n\t\t\t\t<div class=\"elementor-element elementor-element-816cc2b elementor-widget elementor-widget-text-editor\" data-id=\"816cc2b\" data-element_type=\"widget\" data-widget_type=\"text-editor.default\">\n\t\t\t\t\t\t\t\t\t<p><strong>Du suchst nach Inspiration<\/strong> f\u00fcr dein n\u00e4chstes Fotobuch? Die M\u00f6glichkeiten sind grenzenlos \u2013 es geht nur darum, die Momente festzuhalten, die dir und deinen Liebsten am wichtigsten sind. Du kannst zum Beispiel die sch\u00f6nsten Erinnerungen an eine Hochzeit oder einen Familienurlaub verewigen.  <\/p>\t\t\t\t\t\t\t\t<\/div>\n\t\t\t\t<\/div>\n\t\t\t\t\t<\/div>\n\t\t\t\t<\/div>\n\t\t<div class=\"elementor-element elementor-element-8b98366 e-flex e-con-boxed e-con e-child\" data-id=\"8b98366\" data-element_type=\"container\">\n\t\t\t\t\t<div class=\"e-con-inner\">\n\t\t<div class=\"elementor-element elementor-element-d49c717 e-con-full e-flex e-con e-child\" data-id=\"d49c717\" data-element_type=\"container\">\n\t\t\t\t<div class=\"elementor-element elementor-element-35c236d elementor-widget elementor-widget-text-editor\" data-id=\"35c236d\" data-element_type=\"widget\" data-widget_type=\"text-editor.default\">\n\t\t\t\t\t\t\t\t\t<p><strong>Eine andere<\/strong> sch\u00f6ne Idee ist ein Fotobuch f\u00fcr ein Kind, das bald ein Geschwisterchen bekommt: Ein Buch \u00fcber die erste Babyzeit, damit es sieht, dass ihr alles, was ihr jetzt mit dem neuen Baby macht, fr\u00fcher auch mit ihm gemacht habt \u2013 eine wunderbare Art zu zeigen, dass es genauso geliebt und ein wichtiger Teil der Familie ist. Du kannst auch die bunten Zeichnungen deines Kindes zusammentragen, die sch\u00f6nsten Momente des Hochzeitstags festhalten oder ein Buch mit den wichtigsten Ereignissen und kleinen Freuden des vergangenen Jahres gestalten. Welche Erinnerungen du auch immer bewahren m\u00f6chtest \u2013 wir helfen dir, sie in einem pers\u00f6nlichen und wundersch\u00f6nen Fotobuch festzuhalten.   <\/p>\t\t\t\t\t\t\t\t<\/div>\n\t\t\t\t<\/div>\n\t\t<div class=\"elementor-element elementor-element-792be93 e-con-full e-flex e-con e-child\" data-id=\"792be93\" data-element_type=\"container\">\n\t\t\t\t<div class=\"elementor-element elementor-element-c702271 elementor-widget elementor-widget-image\" data-id=\"c702271\" data-element_type=\"widget\" data-widget_type=\"image.default\">\n\t\t\t\t\t\t\t\t\t\t\t\t\t\t\t<img loading=\"lazy\" decoding=\"async\" width=\"1024\" height=\"683\" src=\"https:\/\/www.pictino.com\/wp-content\/uploads\/2025\/10\/Hojtbord2-1024x683.jpg\" class=\"attachment-large size-large wp-image-7201\" alt=\"\" srcset=\"https:\/\/www.pictino.com\/wp-content\/uploads\/2025\/10\/Hojtbord2-1024x683.jpg 1024w, https:\/\/www.pictino.com\/wp-content\/uploads\/2025\/10\/Hojtbord2-300x200.jpg 300w, https:\/\/www.pictino.com\/wp-content\/uploads\/2025\/10\/Hojtbord2-768x512.jpg 768w, https:\/\/www.pictino.com\/wp-content\/uploads\/2025\/10\/Hojtbord2-600x400.jpg 600w, https:\/\/www.pictino.com\/wp-content\/uploads\/2025\/10\/Hojtbord2.jpg 1200w\" sizes=\"(max-width: 1024px) 100vw, 1024px\" \/>\t\t\t\t\t\t\t\t\t\t\t\t\t\t\t<\/div>\n\t\t\t\t<\/div>\n\t\t\t\t\t<\/div>\n\t\t\t\t<\/div>\n\t\t\t\t<\/div>\n\t\t\t\t<\/div>\n\t\t","protected":false},"excerpt":{"rendered":"<p>Pictino \u00dcber uns Bei Pictino sind wir \u00fcberzeugt, dass das Erstellen eines Fotobuchs weder teuer noch schwierig sein muss. Wir verstehen, dass du deine wertvolle Zeit lieber damit verbringen m\u00f6chtest, Erinnerungen zu schaffen, statt dich mit komplizierten Fotob\u00fcchern herumzuschlagen. Deshalb haben wir die Vorarbeit f\u00fcr dich erledigt. So kannst du mit nur wenigen Handgriffen ein [&hellip;]<\/p>\n","protected":false},"author":5,"featured_media":0,"parent":0,"menu_order":0,"comment_status":"closed","ping_status":"closed","template":"page-no-title","meta":{"_acf_changed":false,"footnotes":""},"class_list":["post-5564","page","type-page","status-publish","hentry"],"acf":[],"_links":{"self":[{"href":"https:\/\/www.pictino.com\/de_at\/wp-json\/wp\/v2\/pages\/5564","targetHints":{"allow":["GET"]}}],"collection":[{"href":"https:\/\/www.pictino.com\/de_at\/wp-json\/wp\/v2\/pages"}],"about":[{"href":"https:\/\/www.pictino.com\/de_at\/wp-json\/wp\/v2\/types\/page"}],"author":[{"embeddable":true,"href":"https:\/\/www.pictino.com\/de_at\/wp-json\/wp\/v2\/users\/5"}],"replies":[{"embeddable":true,"href":"https:\/\/www.pictino.com\/de_at\/wp-json\/wp\/v2\/comments?post=5564"}],"version-history":[{"count":6,"href":"https:\/\/www.pictino.com\/de_at\/wp-json\/wp\/v2\/pages\/5564\/revisions"}],"predecessor-version":[{"id":7314,"href":"https:\/\/www.pictino.com\/de_at\/wp-json\/wp\/v2\/pages\/5564\/revisions\/7314"}],"wp:attachment":[{"href":"https:\/\/www.pictino.com\/de_at\/wp-json\/wp\/v2\/media?parent=5564"}],"curies":[{"name":"wp","href":"https:\/\/api.w.org\/{rel}","templated":true}]}}