{"id":6658,"date":"2025-10-09T13:31:01","date_gmt":"2025-10-09T11:31:01","guid":{"rendered":"https:\/\/www.pictino.com\/impressum\/"},"modified":"2025-10-09T13:43:00","modified_gmt":"2025-10-09T11:43:00","slug":"impressum","status":"publish","type":"page","link":"https:\/\/www.pictino.com\/de_at\/impressum\/","title":{"rendered":"Impressum"},"content":{"rendered":"\t\t<div data-elementor-type=\"wp-page\" data-elementor-id=\"6658\" class=\"elementor elementor-6658 elementor-6643\">\n\t\t\t\t<div class=\"elementor-element elementor-element-3851834 e-con-full e-flex e-con e-parent\" data-id=\"3851834\" data-element_type=\"container\">\n\t\t<div class=\"elementor-element elementor-element-100f960 e-flex e-con-boxed e-con e-child\" data-id=\"100f960\" data-element_type=\"container\">\n\t\t\t\t\t<div class=\"e-con-inner\">\n\t\t\t\t<div class=\"elementor-element elementor-element-b19e746 elementor-widget elementor-widget-heading\" data-id=\"b19e746\" data-element_type=\"widget\" data-widget_type=\"heading.default\">\n\t\t\t\t\t<h2 class=\"elementor-heading-title elementor-size-default\">Impressum<\/h2>\t\t\t\t<\/div>\n\t\t\t\t\t<\/div>\n\t\t\t\t<\/div>\n\t\t<div class=\"elementor-element elementor-element-f768cbd e-flex e-con-boxed e-con e-child\" data-id=\"f768cbd\" data-element_type=\"container\">\n\t\t\t\t\t<div class=\"e-con-inner\">\n\t\t\t\t<div class=\"elementor-element elementor-element-756585c elementor-widget elementor-widget-text-editor\" data-id=\"756585c\" data-element_type=\"widget\" data-widget_type=\"text-editor.default\">\n\t\t\t\t\t\t\t\t\t<p>Pictino ApS<br>Skejby Nordlandsvej 311<br>8200 Aarhus N<br>D\u00e4nemark<br><br>Gesch\u00e4ftsleitung:<br>Rune Thyboe Vejers\u00f8<br><br>E-Mail: <a class=\"theme\" href=\"mailto:info@pictino.com\" target=\"_blank\" rel=\"noopener noreferrer\">info@pictino.com<\/a><br><br>Umsatzsteuer-ID<br>Umsatzsteuer-Identifikationsnummer gem\u00e4\u00df \u00a7 27 a Umsatzsteuergesetz:<br>DK36088966<br><br>Streitbeilegung: Wir sind nicht bereit oder verpflichtet, an Streitbeilegungsverfahren vor einer Verbraucherschlichtungsstelle teilzunehmen.<\/p>\t\t\t\t\t\t\t\t<\/div>\n\t\t\t\t\t<\/div>\n\t\t\t\t<\/div>\n\t\t\t\t<\/div>\n\t\t\t\t<\/div>\n\t\t","protected":false},"excerpt":{"rendered":"<p>Impressum Pictino ApSSkejby Nordlandsvej 3118200 Aarhus ND\u00e4nemark Gesch\u00e4ftsleitung:Rune Thyboe Vejers\u00f8 E-Mail: info@pictino.com Umsatzsteuer-IDUmsatzsteuer-Identifikationsnummer gem\u00e4\u00df \u00a7 27 a Umsatzsteuergesetz:DK36088966 Streitbeilegung: Wir sind nicht bereit oder verpflichtet, an Streitbeilegungsverfahren vor einer Verbraucherschlichtungsstelle teilzunehmen.<\/p>\n","protected":false},"author":5,"featured_media":0,"parent":0,"menu_order":0,"comment_status":"closed","ping_status":"closed","template":"page-no-title","meta":{"_acf_changed":false,"footnotes":""},"class_list":["post-6658","page","type-page","status-publish","hentry"],"acf":[],"_links":{"self":[{"href":"https:\/\/www.pictino.com\/de_at\/wp-json\/wp\/v2\/pages\/6658","targetHints":{"allow":["GET"]}}],"collection":[{"href":"https:\/\/www.pictino.com\/de_at\/wp-json\/wp\/v2\/pages"}],"about":[{"href":"https:\/\/www.pictino.com\/de_at\/wp-json\/wp\/v2\/types\/page"}],"author":[{"embeddable":true,"href":"https:\/\/www.pictino.com\/de_at\/wp-json\/wp\/v2\/users\/5"}],"replies":[{"embeddable":true,"href":"https:\/\/www.pictino.com\/de_at\/wp-json\/wp\/v2\/comments?post=6658"}],"version-history":[{"count":1,"href":"https:\/\/www.pictino.com\/de_at\/wp-json\/wp\/v2\/pages\/6658\/revisions"}],"predecessor-version":[{"id":6659,"href":"https:\/\/www.pictino.com\/de_at\/wp-json\/wp\/v2\/pages\/6658\/revisions\/6659"}],"wp:attachment":[{"href":"https:\/\/www.pictino.com\/de_at\/wp-json\/wp\/v2\/media?parent=6658"}],"curies":[{"name":"wp","href":"https:\/\/api.w.org\/{rel}","templated":true}]}}