{"id":4795,"date":"2025-07-10T11:05:58","date_gmt":"2025-07-10T09:05:58","guid":{"rendered":"https:\/\/www.pictino.com\/allgemeine-geschaeftsbedingungen\/"},"modified":"2026-03-11T11:20:53","modified_gmt":"2026-03-11T10:20:53","slug":"allgemeine-geschaeftsbedingungen","status":"publish","type":"page","link":"https:\/\/www.pictino.com\/de_ch\/allgemeine-geschaeftsbedingungen\/","title":{"rendered":"Allgemeine Gesch\u00e4ftsbedingungen"},"content":{"rendered":"\t\t<div data-elementor-type=\"wp-page\" data-elementor-id=\"4795\" class=\"elementor elementor-4795 elementor-186\">\n\t\t\t\t<div class=\"elementor-element elementor-element-421a736 e-con-full e-flex e-con e-parent\" data-id=\"421a736\" data-element_type=\"container\">\n\t\t<div class=\"elementor-element elementor-element-6b05d04 e-flex e-con-boxed e-con e-child\" data-id=\"6b05d04\" data-element_type=\"container\">\n\t\t\t\t\t<div class=\"e-con-inner\">\n\t\t\t\t<div class=\"elementor-element elementor-element-4dc357d elementor-widget elementor-widget-heading\" data-id=\"4dc357d\" data-element_type=\"widget\" data-widget_type=\"heading.default\">\n\t\t\t\t\t<h1 class=\"elementor-heading-title elementor-size-default\">Das Kleingedruckte<\/h1>\t\t\t\t<\/div>\n\t\t\t\t\t<\/div>\n\t\t\t\t<\/div>\n\t\t<div class=\"elementor-element elementor-element-8dbc281 e-flex e-con-boxed e-con e-child\" data-id=\"8dbc281\" data-element_type=\"container\">\n\t\t\t\t\t<div class=\"e-con-inner\">\n\t\t\t\t<div class=\"elementor-element elementor-element-cbc3a50 elementor-widget elementor-widget-heading\" data-id=\"cbc3a50\" data-element_type=\"widget\" data-widget_type=\"heading.default\">\n\t\t\t\t\t<h2 class=\"elementor-heading-title elementor-size-default\">Versand und Lieferung<\/h2>\t\t\t\t<\/div>\n\t\t\t\t<div class=\"elementor-element elementor-element-c9520e9 elementor-widget elementor-widget-text-editor\" data-id=\"c9520e9\" data-element_type=\"widget\" data-widget_type=\"text-editor.default\">\n\t\t\t\t\t\t\t\t\t<p data-syno-attrs=\"{\"textMarks\":[{\"_\":\"font_size\",\"value\":12},{\"_\":\"font_family\",\"complexScript\":\"Times New Roman\",\"eastAsia\":\"Times New Roman\",\"value\":\"Times New Roman\"},{\"_\":\"strong\",\"value\":false}]}\">Alle Sendungen werden als Warensendung verschickt. Die Pakete werden normalerweise innerhalb von 8-9 Werktagen ausgeliefert. Ferien und Feiertage k\u00f6nnen zu einer l\u00e4ngeren Lieferzeit f\u00fchren.<br>Alle Bestellungen werden direkt an die von dir angegebene Lieferadresse gesendet. BITTE BEACHTE: Falls die Lieferung nicht zugestellt werden kann, wird sie zur n\u00e4chstgelegenen Postfiliale transportiert. Du wirst dann vom Zusteller hier\u00fcber informiert und erh\u00e4ltst alle wichtigen Informationen, damit du deine Lieferung abholen kannst.<br>Wir versenden Auftr\u00e4ge nach Deutschland, \u00d6sterreich und in die Schweiz, sowie die meisten europ\u00e4ischen L\u00e4nder. Wenn du du dir unsicher bist, ob wir in ein bestimmtes Land liefern, kannst du uns gerne jederzeit kontaktieren.<br>Sobald deine Bestellung bereit zum Versand ist, erh\u00e4ltst du eine E-Mail mit allen wichtigen Informationen zur Sendungsverfolgung, damit du die Reise deiner Bestellung mitverfolgen kannst.        <\/p>\t\t\t\t\t\t\t\t<\/div>\n\t\t\t\t\t<\/div>\n\t\t\t\t<\/div>\n\t\t<div class=\"elementor-element elementor-element-8902f97 e-flex e-con-boxed e-con e-child\" data-id=\"8902f97\" data-element_type=\"container\">\n\t\t\t\t\t<div class=\"e-con-inner\">\n\t\t\t\t<div class=\"elementor-element elementor-element-b017a66 elementor-widget elementor-widget-heading\" data-id=\"b017a66\" data-element_type=\"widget\" data-widget_type=\"heading.default\">\n\t\t\t\t\t<h2 class=\"elementor-heading-title elementor-size-default\">R\u00fcckgabe- und R\u00fccktrittsrecht<\/h2>\t\t\t\t<\/div>\n\t\t\t\t<div class=\"elementor-element elementor-element-6e5adea elementor-widget elementor-widget-text-editor\" data-id=\"6e5adea\" data-element_type=\"widget\" data-widget_type=\"text-editor.default\">\n\t\t\t\t\t\t\t\t\t<p data-syno-attrs=\"{\"textMarks\":[{\"_\":\"font_size\",\"value\":12},{\"_\":\"font_family\",\"complexScript\":\"Times New Roman\",\"eastAsia\":\"Times New Roman\",\"value\":\"Times New Roman\"},{\"_\":\"strong\",\"value\":false}]}\">Da s\u00e4mtliche Produkte f\u00fcr jedes einzelne Kind speziell und pers\u00f6nlich hergestellt werden, k\u00f6nnen wir diese leider nicht zur\u00fccknehmen. Daher ist es sehr wichtig, dass du bei der Bestellung s\u00e4mtliche eingegebenen Angaben auf ihre Richtigkeit \u00fcberpr\u00fcfst.<br>Aus den gleichen Gr\u00fcnden kann eine Bestellung nicht nachtr\u00e4glich storniert werden. Siehe hierzu auch die Richtlinie 2011\/83\/EU des Europ\u00e4ischen Parlaments und des Rates vom 25. Oktober 2011 \u00fcber die Rechte der Verbraucher, im Speziellen Paragraf (49).   <\/p>\t\t\t\t\t\t\t\t<\/div>\n\t\t\t\t\t<\/div>\n\t\t\t\t<\/div>\n\t\t<div class=\"elementor-element elementor-element-9f2b2e3 e-flex e-con-boxed e-con e-child\" data-id=\"9f2b2e3\" data-element_type=\"container\">\n\t\t\t\t\t<div class=\"e-con-inner\">\n\t\t\t\t<div class=\"elementor-element elementor-element-6a36003 elementor-widget elementor-widget-heading\" data-id=\"6a36003\" data-element_type=\"widget\" data-widget_type=\"heading.default\">\n\t\t\t\t\t<h2 class=\"elementor-heading-title elementor-size-default\">Zahlungsinformationen<\/h2>\t\t\t\t<\/div>\n\t\t\t\t<div class=\"elementor-element elementor-element-3eef559 elementor-widget elementor-widget-text-editor\" data-id=\"3eef559\" data-element_type=\"widget\" data-widget_type=\"text-editor.default\">\n\t\t\t\t\t\t\t\t\t<p data-syno-attrs=\"{\"textMarks\":[{\"_\":\"font_size\",\"value\":12},{\"_\":\"font_family\",\"complexScript\":\"Times New Roman\",\"eastAsia\":\"Times New Roman\",\"value\":\"Times New Roman\"},{\"_\":\"strong\",\"value\":false}]}\">Alle Preise sind in Euro und einschlie\u00dflich Mehrwertsteuer angegeben. Die Bezahlung erfolgt am Ende der Bestellungsaufgabe \u00fcber eine der gelisteten Zahlungsmethoden. <\/p>\t\t\t\t\t\t\t\t<\/div>\n\t\t\t\t\t<\/div>\n\t\t\t\t<\/div>\n\t\t<div class=\"elementor-element elementor-element-67b5f40 e-flex e-con-boxed e-con e-child\" data-id=\"67b5f40\" data-element_type=\"container\">\n\t\t\t\t\t<div class=\"e-con-inner\">\n\t\t\t\t<div class=\"elementor-element elementor-element-57f7d6d elementor-widget elementor-widget-heading\" data-id=\"57f7d6d\" data-element_type=\"widget\" data-widget_type=\"heading.default\">\n\t\t\t\t\t<h2 class=\"elementor-heading-title elementor-size-default\">Sicherheit<\/h2>\t\t\t\t<\/div>\n\t\t\t\t<div class=\"elementor-element elementor-element-01f9d66 elementor-widget elementor-widget-text-editor\" data-id=\"01f9d66\" data-element_type=\"widget\" data-widget_type=\"text-editor.default\">\n\t\t\t\t\t\t\t\t\t<p data-syno-attrs=\"{\"textMarks\":[{\"_\":\"font_size\",\"value\":12},{\"_\":\"font_family\",\"complexScript\":\"Times New Roman\",\"eastAsia\":\"Times New Roman\",\"value\":\"Times New Roman\"},{\"_\":\"strong\",\"value\":false}]}\">Wir verwenden Adyen, um Zahlungen abzuwickeln. Adyen verschl\u00fcsselt alle Zahlungsinformationen mit dem sogenannten TLS-Protokoll (Transport Layer Security). Das bedeutet, dass Unbefugte deine Kartennummer oder andere Informationen im Zusammenhang mit der Zahlung nicht lesen k\u00f6nnen. Die auf meineigenesbuch.de bereitgestellten Informationen werden ausschlie\u00dflich zu dem Zweck gespeichert, dich als Kunden zu bedienen und deine Waren liefern zu k\u00f6nnen. Beim Bezahlen und Eingeben von Zahlungsinformationen erfolgt dies direkt \u00fcber Adyen. Daher sind deine Zahlungsinformationen bei Adyen zu 100 % gesichert. Weder Pictino noch andere haben die M\u00f6glichkeit, sich Zugang zu verschaffen.      <\/p>\t\t\t\t\t\t\t\t<\/div>\n\t\t\t\t\t<\/div>\n\t\t\t\t<\/div>\n\t\t<div class=\"elementor-element elementor-element-077df97 e-flex e-con-boxed e-con e-child\" data-id=\"077df97\" data-element_type=\"container\">\n\t\t\t\t\t<div class=\"e-con-inner\">\n\t\t\t\t<div class=\"elementor-element elementor-element-f6c26e9 elementor-widget elementor-widget-heading\" data-id=\"f6c26e9\" data-element_type=\"widget\" data-widget_type=\"heading.default\">\n\t\t\t\t\t<h2 class=\"elementor-heading-title elementor-size-default\">E-Mails und Marketing<\/h2>\t\t\t\t<\/div>\n\t\t\t\t<div class=\"elementor-element elementor-element-d1975a4 elementor-widget elementor-widget-text-editor\" data-id=\"d1975a4\" data-element_type=\"widget\" data-widget_type=\"text-editor.default\">\n\t\t\t\t\t\t\t\t\t<p data-syno-attrs=\"{\"textMarks\":[{\"_\":\"font_size\",\"value\":12},{\"_\":\"font_family\",\"complexScript\":\"Times New Roman\",\"eastAsia\":\"Times New Roman\",\"value\":\"Times New Roman\"},{\"_\":\"strong\",\"value\":false}]}\">Im Zuge unseres Kundendienstes schicken wir dir folgende E-Mails zu: eine Auftragsbest\u00e4tigung, wenn du eine Bestellung abgegeben hast, eine Versandbest\u00e4tigung, wenn deine Bestellung verschickt wurde, eine Folgemail sowie eine Best\u00e4tigungsmail, falls du deine Angaben innerhalb von einer Stunde nach der Abgabe der Bestellung ge\u00e4ndert hast.<br>Wenn du bei Pictino bestellst, hast du au\u00dferdem die M\u00f6glichkeit, unseren Newsletter zu abonnieren. Darin informieren wir dich regelm\u00e4\u00dfig \u00fcber spannende Neuigkeiten und exklusive Angebote. Das Newsletter-Abonnement ist selbstverst\u00e4ndlich freiwillig und kann jederzeit wieder abbestellt werden.  <\/p>\t\t\t\t\t\t\t\t<\/div>\n\t\t\t\t\t<\/div>\n\t\t\t\t<\/div>\n\t\t<div class=\"elementor-element elementor-element-08766b4 e-flex e-con-boxed e-con e-child\" data-id=\"08766b4\" data-element_type=\"container\">\n\t\t\t\t\t<div class=\"e-con-inner\">\n\t\t\t\t<div class=\"elementor-element elementor-element-1fe40d9 elementor-widget elementor-widget-heading\" data-id=\"1fe40d9\" data-element_type=\"widget\" data-widget_type=\"heading.default\">\n\t\t\t\t\t<h1 class=\"elementor-heading-title elementor-size-default\">Allgemeine Gesch\u00e4ftsbedingungen (AGB)<\/h1>\t\t\t\t<\/div>\n\t\t\t\t\t<\/div>\n\t\t\t\t<\/div>\n\t\t<div class=\"elementor-element elementor-element-bc2c852 e-flex e-con-boxed e-con e-child\" data-id=\"bc2c852\" data-element_type=\"container\">\n\t\t\t\t\t<div class=\"e-con-inner\">\n\t\t\t\t<div class=\"elementor-element elementor-element-925a8d8 elementor-widget elementor-widget-heading\" data-id=\"925a8d8\" data-element_type=\"widget\" data-widget_type=\"heading.default\">\n\t\t\t\t\t<h2 class=\"elementor-heading-title elementor-size-default\">Zweck und Geltungsbereich<\/h2>\t\t\t\t<\/div>\n\t\t\t\t<div class=\"elementor-element elementor-element-2a6a814 elementor-widget elementor-widget-text-editor\" data-id=\"2a6a814\" data-element_type=\"widget\" data-widget_type=\"text-editor.default\">\n\t\t\t\t\t\t\t\t\t<p data-syno-attrs=\"{\"textMarks\":[{\"_\":\"font_size\",\"value\":12},{\"_\":\"font_family\",\"complexScript\":\"Times New Roman\",\"eastAsia\":\"Times New Roman\",\"value\":\"Times New Roman\"},{\"_\":\"em\",\"value\":false},{\"_\":\"strong\",\"value\":false},{\"_\":\"color\",\"value\":\"#000000\"},{\"_\":\"background_color\",\"value\":\"#ffffff\"},{\"_\":\"underline\",\"value\":false},{\"_\":\"strike\",\"value\":false}]}\">Diese Allgemeinen Gesch\u00e4ftsbedingungen gelten f\u00fcr die Lieferung von Waren und Dienstleistungen von Pictino. Die Allgemeinen Gesch\u00e4ftsbedingungen m\u00fcssen bei jedem Kauf akzeptiert werden. Pictino beh\u00e4lt sich das Recht vor, diese Allgemeinen Gesch\u00e4ftsbedingungen fristlos und mit sofortiger Wirkung f\u00fcr bereits abgegebene Bestellungen zu \u00e4ndern.  <\/p>\t\t\t\t\t\t\t\t<\/div>\n\t\t\t\t\t<\/div>\n\t\t\t\t<\/div>\n\t\t<div class=\"elementor-element elementor-element-3c04925 e-flex e-con-boxed e-con e-child\" data-id=\"3c04925\" data-element_type=\"container\">\n\t\t\t\t\t<div class=\"e-con-inner\">\n\t\t\t\t<div class=\"elementor-element elementor-element-8f24b51 elementor-widget elementor-widget-heading\" data-id=\"8f24b51\" data-element_type=\"widget\" data-widget_type=\"heading.default\">\n\t\t\t\t\t<h2 class=\"elementor-heading-title elementor-size-default\">Preise und Zahlung<\/h2>\t\t\t\t<\/div>\n\t\t\t\t<div class=\"elementor-element elementor-element-048d296 elementor-widget elementor-widget-text-editor\" data-id=\"048d296\" data-element_type=\"widget\" data-widget_type=\"text-editor.default\">\n\t\t\t\t\t\t\t\t\t<p data-syno-attrs=\"{\"textMarks\":[{\"_\":\"font_size\",\"value\":12},{\"_\":\"font_family\",\"complexScript\":\"Times New Roman\",\"eastAsia\":\"Times New Roman\",\"value\":\"Times New Roman\"},{\"_\":\"em\",\"value\":false},{\"_\":\"strong\",\"value\":false},{\"_\":\"color\",\"value\":\"#000000\"},{\"_\":\"background_color\",\"value\":\"#ffffff\"},{\"_\":\"underline\",\"value\":false},{\"_\":\"strike\",\"value\":false}]}\">Alle Preise auf pictino.com verstehen sich einschlie\u00dflich Mehrwertsteuer. Wenn nicht anders angegeben, werden Versandkosten erhoben. Die Zahlung erfolgt bei der Abgabe der Bestellung und mit den auf der Website angegebenen Zahlungsmethoden. <\/p>\t\t\t\t\t\t\t\t<\/div>\n\t\t\t\t\t<\/div>\n\t\t\t\t<\/div>\n\t\t<div class=\"elementor-element elementor-element-0104b37 e-flex e-con-boxed e-con e-child\" data-id=\"0104b37\" data-element_type=\"container\">\n\t\t\t\t\t<div class=\"e-con-inner\">\n\t\t\t\t<div class=\"elementor-element elementor-element-dfe8e0c elementor-widget elementor-widget-heading\" data-id=\"dfe8e0c\" data-element_type=\"widget\" data-widget_type=\"heading.default\">\n\t\t\t\t\t<h2 class=\"elementor-heading-title elementor-size-default\">Lieferung und Verz\u00f6gerungen<\/h2>\t\t\t\t<\/div>\n\t\t\t\t<div class=\"elementor-element elementor-element-e900d66 elementor-widget elementor-widget-text-editor\" data-id=\"e900d66\" data-element_type=\"widget\" data-widget_type=\"text-editor.default\">\n\t\t\t\t\t\t\t\t\t<p data-syno-attrs=\"{\"textMarks\":[{\"_\":\"font_size\",\"value\":12},{\"_\":\"font_family\",\"complexScript\":\"Times New Roman\",\"eastAsia\":\"Times New Roman\",\"value\":\"Times New Roman\"},{\"_\":\"em\",\"value\":false},{\"_\":\"strong\",\"value\":false},{\"_\":\"color\",\"value\":\"#000000\"},{\"_\":\"underline\",\"value\":false},{\"_\":\"strike\",\"value\":false}]}\">Das Produkt wird geliefert, sobald es fertiggestellt ist. Das Produkt wird normalerweise innerhalb von 8-9 Werktagen nach Abgabe der Bestellung hergestellt und verschickt. Der Kunde ist nach vorheriger schriftlicher Ank\u00fcndigung berechtigt, die Vereinbarung zu k\u00fcndigen, falls der Zeitplan wesentlich \u00fcberschritten wird. Dies ist fr\u00fchestens der Fall, wenn eine Abweichung vom vereinbarten Datum von mehr als 30 Werktagen vorliegt. Verschiebt sich der Zeitplan durch Umst\u00e4nde, f\u00fcr die Pictino nicht verantwortlich ist (einschlie\u00dflich Verz\u00f6gerungen und fehlende Lieferung durch Zulieferer und Verz\u00f6gerungen und Kooperationsunwilligkeit seitens des Kunden), k\u00f6nnen diese Verz\u00f6gerungen nicht dazu f\u00fchren, dass dem Kunden Nichterf\u00fcllungsbefugnisse gew\u00e4hrt werden, hierunter die M\u00f6glichkeit der Stornierung.<br>Pictino haftet nicht, falls die Lieferung durch h\u00f6here Gewalt verz\u00f6gert oder verhindert wird. Falls ein Ereignis, f\u00fcr das Pictino nicht verantwortlich ist, bewirkt, dass sich die Erf\u00fcllung der Lieferverpflichtungen durch Pictino verteuert, ist Pictino nicht verpflichtet, diesen Lieferverpflichtungen nachzukommen. Bei nachweislich \u2013 im Verh\u00e4ltnis zum vereinbarten Lieferzeitpunkt \u2013 rechtzeitigem Versand haftet Pictino nicht f\u00fcr die versp\u00e4tete Lieferung oder den Verlust der Lieferung durch das Transportunternehmen. Der Kunde kann keine Entsch\u00e4digung f\u00fcr die Versp\u00e4tung von Produkten fordern, die bereits geliefert worden sind.      <\/p>\t\t\t\t\t\t\t\t<\/div>\n\t\t\t\t\t<\/div>\n\t\t\t\t<\/div>\n\t\t<div class=\"elementor-element elementor-element-daabcbf e-flex e-con-boxed e-con e-child\" data-id=\"daabcbf\" data-element_type=\"container\">\n\t\t\t\t\t<div class=\"e-con-inner\">\n\t\t\t\t<div class=\"elementor-element elementor-element-74950ec elementor-widget elementor-widget-heading\" data-id=\"74950ec\" data-element_type=\"widget\" data-widget_type=\"heading.default\">\n\t\t\t\t\t<h2 class=\"elementor-heading-title elementor-size-default\">Eigentumsvorbehalt<\/h2>\t\t\t\t<\/div>\n\t\t\t\t<div class=\"elementor-element elementor-element-ce943cc elementor-widget elementor-widget-text-editor\" data-id=\"ce943cc\" data-element_type=\"widget\" data-widget_type=\"text-editor.default\">\n\t\t\t\t\t\t\t\t\t<p data-syno-attrs=\"{\"textMarks\":[{\"_\":\"font_size\",\"value\":12},{\"_\":\"font_family\",\"complexScript\":\"Times New Roman\",\"eastAsia\":\"Times New Roman\",\"value\":\"Times New Roman\"},{\"_\":\"em\",\"value\":false},{\"_\":\"strong\",\"value\":false},{\"_\":\"color\",\"value\":\"#000000\"},{\"_\":\"background_color\",\"value\":\"#ffffff\"},{\"_\":\"underline\",\"value\":false},{\"_\":\"strike\",\"value\":false}]}\">Der Kunde erh\u00e4lt erst dann das Eigentumsrecht \u00fcber das physische Produkt, wenn Pictino die vollst\u00e4ndige Bezahlung erhalten hat. Alle Waren von Pictino verbleiben das Eigentum von Pictino, bis die vollst\u00e4ndige Zahlung eingegangen ist. Nach der \u00dcbertragung auf den Kunden beh\u00e4lt sich Pictino das Recht vor, von Pictino hergestellte Arbeiten bei der eigenen Vermarktung als Referenz zu nutzen.  <\/p>\t\t\t\t\t\t\t\t<\/div>\n\t\t\t\t\t<\/div>\n\t\t\t\t<\/div>\n\t\t<div class=\"elementor-element elementor-element-ff13a36 e-flex e-con-boxed e-con e-child\" data-id=\"ff13a36\" data-element_type=\"container\">\n\t\t\t\t\t<div class=\"e-con-inner\">\n\t\t\t\t<div class=\"elementor-element elementor-element-ed43212 elementor-widget elementor-widget-heading\" data-id=\"ed43212\" data-element_type=\"widget\" data-widget_type=\"heading.default\">\n\t\t\t\t\t<h2 class=\"elementor-heading-title elementor-size-default\">Reklamationen, Fehler und M\u00e4ngel<\/h2>\t\t\t\t<\/div>\n\t\t\t\t<div class=\"elementor-element elementor-element-a1417f6 elementor-widget elementor-widget-text-editor\" data-id=\"a1417f6\" data-element_type=\"widget\" data-widget_type=\"text-editor.default\">\n\t\t\t\t\t\t\t\t\t<p data-syno-attrs=\"{\"textMarks\":[{\"_\":\"font_size\",\"value\":12},{\"_\":\"font_family\",\"complexScript\":\"Times New Roman\",\"eastAsia\":\"Times New Roman\",\"value\":\"Times New Roman\"},{\"_\":\"em\",\"value\":false},{\"_\":\"strong\",\"value\":false},{\"_\":\"color\",\"value\":\"#000000\"},{\"_\":\"underline\",\"value\":false},{\"_\":\"strike\",\"value\":false}]}\">Pictino haftet nicht f\u00fcr Fehler, die vom Kunden nicht schriftlich vor der Abgabe der Bestellung berichtigt wurden. Falls die Lieferung Fehler oder M\u00e4ngel aufweist, muss der Kunde diese Fehler oder M\u00e4ngel innerhalb eines angemessenen Zeitraums reklamieren, indem er uns direkt kontaktiert. Pictino ist berechtigt zu versuchen, Fehler und M\u00e4ngel zu beheben, falls dies innerhalb eines angemessenen Zeitraums geschehen kann und falls festgestellt wird, dass Pictino f\u00fcr den Fehler bzw. Mangel haften muss.  <\/p><p>HINWEIS: Die Farben im gedruckten Buch k\u00f6nnen von den auf dem Bildschirm gezeigten Farben abweichen. Dies wird nicht als Fehler angesehen. Zudem sind die Haut- und Haarfarben, die w\u00e4hrend des Bestellvorgangs gezeigt werden, nicht pr\u00e4zise und k\u00f6nnen variieren, je nachdem wie die jeweiligen Personen in den B\u00fcchern dargestellt sind. <br>Dar\u00fcber hinaus gilt die zweij\u00e4hrige Gew\u00e4hrleistungsfrist des d\u00e4nischen Kaufgesetzes.<\/p>\t\t\t\t\t\t\t\t<\/div>\n\t\t\t\t\t<\/div>\n\t\t\t\t<\/div>\n\t\t<div class=\"elementor-element elementor-element-a186205 e-flex e-con-boxed e-con e-child\" data-id=\"a186205\" data-element_type=\"container\">\n\t\t\t\t\t<div class=\"e-con-inner\">\n\t\t\t\t<div class=\"elementor-element elementor-element-632fc5d elementor-widget elementor-widget-heading\" data-id=\"632fc5d\" data-element_type=\"widget\" data-widget_type=\"heading.default\">\n\t\t\t\t\t<h2 class=\"elementor-heading-title elementor-size-default\">Beschr\u00e4nkte Haftung<\/h2>\t\t\t\t<\/div>\n\t\t\t\t<div class=\"elementor-element elementor-element-9982f4b elementor-widget elementor-widget-text-editor\" data-id=\"9982f4b\" data-element_type=\"widget\" data-widget_type=\"text-editor.default\">\n\t\t\t\t\t\t\t\t\t<p data-syno-attrs=\"{\"textMarks\":[{\"_\":\"font_size\",\"value\":12},{\"_\":\"font_family\",\"complexScript\":\"Times New Roman\",\"eastAsia\":\"Times New Roman\",\"value\":\"Times New Roman\"},{\"_\":\"em\",\"value\":false},{\"_\":\"strong\",\"value\":false},{\"_\":\"color\",\"value\":\"#000000\"},{\"_\":\"background_color\",\"value\":\"#ffffff\"},{\"_\":\"underline\",\"value\":false},{\"_\":\"strike\",\"value\":false}]}\">Im Falle von Versp\u00e4tungen, Fehlern oder M\u00e4ngeln der ausgelieferten Bestellungen haftet Pictino nicht f\u00fcr Betriebsverluste, Gewinnausf\u00e4lle oder andere indirekte Sch\u00e4den, hierunter Sch\u00e4den, die durch das Rechtsverh\u00e4ltnis des Kunden zu Dritten verursacht werden. Dar\u00fcber hinaus haftet Pictino gegen\u00fcber dem Kunden nur dann f\u00fcr Sch\u00e4den, wenn der Verlust oder Schaden durch grobe Fahrl\u00e4ssigkeit oder vors\u00e4tzliche Handlungen verursacht wird. Pictino haftet nicht f\u00fcr indirekte oder direkte Sch\u00e4den, falls Letztere durch Versp\u00e4tungen, Datenverluste oder Gewinnausf\u00e4lle verursacht werden.  <\/p>\t\t\t\t\t\t\t\t<\/div>\n\t\t\t\t\t<\/div>\n\t\t\t\t<\/div>\n\t\t<div class=\"elementor-element elementor-element-1eb1bca e-flex e-con-boxed e-con e-child\" data-id=\"1eb1bca\" data-element_type=\"container\">\n\t\t\t\t\t<div class=\"e-con-inner\">\n\t\t\t\t<div class=\"elementor-element elementor-element-814d05a elementor-widget elementor-widget-heading\" data-id=\"814d05a\" data-element_type=\"widget\" data-widget_type=\"heading.default\">\n\t\t\t\t\t<h2 class=\"elementor-heading-title elementor-size-default\">URHEBERRECHTE<\/h2>\t\t\t\t<\/div>\n\t\t\t\t<div class=\"elementor-element elementor-element-74c071d elementor-widget elementor-widget-text-editor\" data-id=\"74c071d\" data-element_type=\"widget\" data-widget_type=\"text-editor.default\">\n\t\t\t\t\t\t\t\t\t<p data-syno-attrs=\"{\"textMarks\":[{\"_\":\"font_size\",\"value\":12},{\"_\":\"font_family\",\"complexScript\":\"Times New Roman\",\"eastAsia\":\"Times New Roman\",\"value\":\"Times New Roman\"},{\"_\":\"em\",\"value\":false},{\"_\":\"strong\",\"value\":false},{\"_\":\"color\",\"value\":\"#000000\"},{\"_\":\"background_color\",\"value\":\"#ffffff\"},{\"_\":\"underline\",\"value\":false},{\"_\":\"strike\",\"value\":false}]}\">Mit dem Hochladen von Bildern f\u00fcr die Nutzung in unseren Fotob\u00fcchern best\u00e4tigst du, dass du \u00fcber die erforderlichen Rechte zur Verwendung, Vervielf\u00e4ltigung und Verbreitung dieser Bilder verf\u00fcgst. Es liegt in deiner eigenen Verantwortung sicherzustellen, dass die Nutzung der Bilder keine Urheberrechte Dritter, personenbezogene Daten oder sonstige anwendbare Gesetze und Vorschriften verletzt.  <br>Pictino ApS kann nicht f\u00fcr von dir hochgeladene Bilder haftbar gemacht werden und \u00fcbernimmt keine Verantwortung f\u00fcr etwaige Urheberrechtsverletzungen oder andere Rechtsverletzungen durch dich. Sollte ein Dritter Anspr\u00fcche gegen Pictino ApS aufgrund des Hochladens und der Verwendung von Bildern durch dich geltend machen, behalten wir uns das Recht vor, solche Anspr\u00fcche an dich weiterzugeben. <\/p>\t\t\t\t\t\t\t\t<\/div>\n\t\t\t\t\t<\/div>\n\t\t\t\t<\/div>\n\t\t<div class=\"elementor-element elementor-element-b35bc3b e-flex e-con-boxed e-con e-child\" data-id=\"b35bc3b\" data-element_type=\"container\">\n\t\t\t\t\t<div class=\"e-con-inner\">\n\t\t\t\t<div class=\"elementor-element elementor-element-05bf10a elementor-widget elementor-widget-heading\" data-id=\"05bf10a\" data-element_type=\"widget\" data-widget_type=\"heading.default\">\n\t\t\t\t\t<h2 class=\"elementor-heading-title elementor-size-default\">BILDQUALIT\u00c4T UND VERANTWORTUNG F\u00dcR BILDMATERIAL<\/h2>\t\t\t\t<\/div>\n\t\t\t\t<div class=\"elementor-element elementor-element-5d626fd elementor-widget elementor-widget-text-editor\" data-id=\"5d626fd\" data-element_type=\"widget\" data-widget_type=\"text-editor.default\">\n\t\t\t\t\t\t\t\t\t<p data-syno-attrs=\"{\"textMarks\":[{\"_\":\"font_size\",\"value\":12},{\"_\":\"font_family\",\"complexScript\":\"Times New Roman\",\"eastAsia\":\"Times New Roman\",\"value\":\"Times New Roman\"},{\"_\":\"em\",\"value\":false},{\"_\":\"strong\",\"value\":false},{\"_\":\"color\",\"value\":\"#000000\"},{\"_\":\"background_color\",\"value\":\"#ffffff\"},{\"_\":\"underline\",\"value\":false},{\"_\":\"strike\",\"value\":false}]}\">Es liegt in der Verantwortung des Kunden, sicherzustellen, dass die hochgeladenen Bilder \u00fcber die erforderliche Aufl\u00f6sung und Qualit\u00e4t f\u00fcr das gew\u00fcnschte Produkt verf\u00fcgen. Wurde ein Bild mit niedriger Aufl\u00f6sung aufgenommen oder ist von schlechter Qualit\u00e4t, kann der Druck oder eine Vergr\u00f6\u00dferung die Bildqualit\u00e4t nicht verbessern, und das Endprodukt wird nicht in besserer Qualit\u00e4t erscheinen, als es das Originalbild zul\u00e4sst. Pictino ApS \u00fcbernimmt keine Verantwortung f\u00fcr die Bildqualit\u00e4t des Endprodukts, wenn diese auf den Zustand der hochgeladenen Bilder zur\u00fcckzuf\u00fchren ist.  <\/p>\t\t\t\t\t\t\t\t<\/div>\n\t\t\t\t\t<\/div>\n\t\t\t\t<\/div>\n\t\t\t\t<\/div>\n\t\t\t\t<\/div>\n\t\t","protected":false},"excerpt":{"rendered":"<p>Das Kleingedruckte Versand und Lieferung Alle Sendungen werden als Warensendung verschickt. Die Pakete werden normalerweise innerhalb von 8-9 Werktagen ausgeliefert. Ferien und Feiertage k\u00f6nnen zu einer l\u00e4ngeren Lieferzeit f\u00fchren.Alle Bestellungen werden direkt an die von dir angegebene Lieferadresse gesendet. BITTE BEACHTE: Falls die Lieferung nicht zugestellt werden kann, wird sie zur n\u00e4chstgelegenen Postfiliale transportiert. Du [&hellip;]<\/p>\n","protected":false},"author":5,"featured_media":0,"parent":0,"menu_order":0,"comment_status":"closed","ping_status":"closed","template":"page-no-title","meta":{"_acf_changed":false,"footnotes":""},"class_list":["post-4795","page","type-page","status-publish","hentry"],"acf":[],"_links":{"self":[{"href":"https:\/\/www.pictino.com\/de_ch\/wp-json\/wp\/v2\/pages\/4795","targetHints":{"allow":["GET"]}}],"collection":[{"href":"https:\/\/www.pictino.com\/de_ch\/wp-json\/wp\/v2\/pages"}],"about":[{"href":"https:\/\/www.pictino.com\/de_ch\/wp-json\/wp\/v2\/types\/page"}],"author":[{"embeddable":true,"href":"https:\/\/www.pictino.com\/de_ch\/wp-json\/wp\/v2\/users\/5"}],"replies":[{"embeddable":true,"href":"https:\/\/www.pictino.com\/de_ch\/wp-json\/wp\/v2\/comments?post=4795"}],"version-history":[{"count":7,"href":"https:\/\/www.pictino.com\/de_ch\/wp-json\/wp\/v2\/pages\/4795\/revisions"}],"predecessor-version":[{"id":9657,"href":"https:\/\/www.pictino.com\/de_ch\/wp-json\/wp\/v2\/pages\/4795\/revisions\/9657"}],"wp:attachment":[{"href":"https:\/\/www.pictino.com\/de_ch\/wp-json\/wp\/v2\/media?parent=4795"}],"curies":[{"name":"wp","href":"https:\/\/api.w.org\/{rel}","templated":true}]}}