{"id":5562,"date":"2025-10-28T12:30:05","date_gmt":"2025-10-28T11:30:05","guid":{"rendered":"https:\/\/www.pictino.com\/tietoa-meistae\/"},"modified":"2025-10-28T13:20:26","modified_gmt":"2025-10-28T12:20:26","slug":"tietoa-meistae","status":"publish","type":"page","link":"https:\/\/www.pictino.com\/fi\/tietoa-meistae\/","title":{"rendered":"Tietoa meist\u00e4"},"content":{"rendered":"\t\t<div data-elementor-type=\"wp-page\" data-elementor-id=\"5562\" class=\"elementor elementor-5562 elementor-1558\">\n\t\t\t\t<div class=\"elementor-element elementor-element-3851834 e-con-full e-flex e-con e-parent\" data-id=\"3851834\" data-element_type=\"container\">\n\t\t<div class=\"elementor-element elementor-element-7cd5e04 e-con-full e-flex e-con e-child\" data-id=\"7cd5e04\" data-element_type=\"container\">\n\t\t<div class=\"elementor-element elementor-element-038b682 e-flex e-con-boxed e-con e-child\" data-id=\"038b682\" data-element_type=\"container\">\n\t\t\t\t\t<div class=\"e-con-inner\">\n\t\t\t\t<div class=\"elementor-element elementor-element-a99e71a elementor-widget elementor-widget-heading\" data-id=\"a99e71a\" data-element_type=\"widget\" data-widget_type=\"heading.default\">\n\t\t\t\t\t<h1 class=\"elementor-heading-title elementor-size-default\">Pictino<\/h1>\t\t\t\t<\/div>\n\t\t\t\t\t<\/div>\n\t\t\t\t<\/div>\n\t\t<div class=\"elementor-element elementor-element-51dfa1f e-flex e-con-boxed e-con e-child\" data-id=\"51dfa1f\" data-element_type=\"container\">\n\t\t\t\t\t<div class=\"e-con-inner\">\n\t\t\t\t<div class=\"elementor-element elementor-element-9afea8c elementor-widget elementor-widget-heading\" data-id=\"9afea8c\" data-element_type=\"widget\" data-widget_type=\"heading.default\">\n\t\t\t\t\t<h2 class=\"elementor-heading-title elementor-size-default\">Tietoa meist\u00e4<\/h2>\t\t\t\t<\/div>\n\t\t\t\t\t<\/div>\n\t\t\t\t<\/div>\n\t\t\t\t<\/div>\n\t\t<div class=\"elementor-element elementor-element-f4c53aa e-flex e-con-boxed e-con e-child\" data-id=\"f4c53aa\" data-element_type=\"container\">\n\t\t\t\t\t<div class=\"e-con-inner\">\n\t\t<div class=\"elementor-element elementor-element-b0860b0 e-con-full e-flex e-con e-child\" data-id=\"b0860b0\" data-element_type=\"container\">\n\t\t\t\t<div class=\"elementor-element elementor-element-a6a933c elementor-widget elementor-widget-image\" data-id=\"a6a933c\" data-element_type=\"widget\" data-widget_type=\"image.default\">\n\t\t\t\t\t\t\t\t\t\t\t\t\t\t\t<img fetchpriority=\"high\" decoding=\"async\" width=\"1024\" height=\"683\" src=\"https:\/\/www.pictino.com\/wp-content\/uploads\/2025\/10\/Hojtbord1-1024x683.jpg\" class=\"attachment-large size-large wp-image-7211\" alt=\"\" srcset=\"https:\/\/www.pictino.com\/wp-content\/uploads\/2025\/10\/Hojtbord1-1024x683.jpg 1024w, https:\/\/www.pictino.com\/wp-content\/uploads\/2025\/10\/Hojtbord1-300x200.jpg 300w, https:\/\/www.pictino.com\/wp-content\/uploads\/2025\/10\/Hojtbord1-768x512.jpg 768w, https:\/\/www.pictino.com\/wp-content\/uploads\/2025\/10\/Hojtbord1-600x400.jpg 600w, https:\/\/www.pictino.com\/wp-content\/uploads\/2025\/10\/Hojtbord1.jpg 1200w\" sizes=\"(max-width: 1024px) 100vw, 1024px\" \/>\t\t\t\t\t\t\t\t\t\t\t\t\t\t\t<\/div>\n\t\t\t\t<\/div>\n\t\t<div class=\"elementor-element elementor-element-a1b94b6 e-con-full e-flex e-con e-child\" data-id=\"a1b94b6\" data-element_type=\"container\">\n\t\t\t\t<div class=\"elementor-element elementor-element-1e50883 elementor-widget elementor-widget-text-editor\" data-id=\"1e50883\" data-element_type=\"widget\" data-widget_type=\"text-editor.default\">\n\t\t\t\t\t\t\t\t\t<p><strong>Me Pictinolla uskomme<\/strong>, ett\u00e4 valokuvakirjan tekemisen ei tarvitse olla kallista tai monimutkaista. Ajan kuuluu kulua muistojen luomiseen ja niist\u00e4 nauttimiseen \u2013 ei hankalien ja hintavien kuvakirjojen suunnitteluun. Siksi olemme tehneet valmistelut puolestasi. Muutamalla simppelill\u00e4 valinnalla voit luoda kauniin kirjan el\u00e4m\u00e4si t\u00e4rkeimmist\u00e4 hetkist\u00e4.  <\/p>\t\t\t\t\t\t\t\t<\/div>\n\t\t\t\t<\/div>\n\t\t\t\t\t<\/div>\n\t\t\t\t<\/div>\n\t\t<div class=\"elementor-element elementor-element-9e742e7 e-flex e-con-boxed e-con e-child\" data-id=\"9e742e7\" data-element_type=\"container\">\n\t\t\t\t\t<div class=\"e-con-inner\">\n\t\t<div class=\"elementor-element elementor-element-cb76769 e-con-full e-flex e-con e-child\" data-id=\"cb76769\" data-element_type=\"container\">\n\t\t\t\t<div class=\"elementor-element elementor-element-5c056a1 elementor-widget elementor-widget-text-editor\" data-id=\"5c056a1\" data-element_type=\"widget\" data-widget_type=\"text-editor.default\">\n\t\t\t\t\t\t\t\t\t<strong>Pictinon taustalla<\/strong> on <a href=\"https:\/\/www.paraskirjani.fi\/\" target=\"_blank\">Paras Kirjani<\/a> -tiimi, joka on vuodesta 2014 l\u00e4htien valmistanut yli 2 miljoonaa yksil\u00f6ity\u00e4 ja laadukasta lastenkirjaa. Nyt hy\u00f6dynn\u00e4mme osaamisemme, jotta sin\u00e4 voit kertoa oman tarinasi \u2013 koska jokainen ansaitsee kauniin tarinan. \t\t\t\t\t\t\t\t<\/div>\n\t\t\t\t<\/div>\n\t\t<div class=\"elementor-element elementor-element-9a1d5e1 e-con-full e-flex e-con e-child\" data-id=\"9a1d5e1\" data-element_type=\"container\">\n\t\t\t\t<div class=\"elementor-element elementor-element-435ea50 elementor-widget elementor-widget-image\" data-id=\"435ea50\" data-element_type=\"widget\" data-widget_type=\"image.default\">\n\t\t\t\t\t\t\t\t\t\t\t\t\t\t\t<img decoding=\"async\" width=\"1024\" height=\"683\" src=\"https:\/\/www.pictino.com\/wp-content\/uploads\/2025\/10\/Gruppebillede-1024x683.jpg\" class=\"attachment-large size-large wp-image-7181\" alt=\"\" srcset=\"https:\/\/www.pictino.com\/wp-content\/uploads\/2025\/10\/Gruppebillede-1024x683.jpg 1024w, https:\/\/www.pictino.com\/wp-content\/uploads\/2025\/10\/Gruppebillede-300x200.jpg 300w, https:\/\/www.pictino.com\/wp-content\/uploads\/2025\/10\/Gruppebillede-768x512.jpg 768w, https:\/\/www.pictino.com\/wp-content\/uploads\/2025\/10\/Gruppebillede-600x400.jpg 600w, https:\/\/www.pictino.com\/wp-content\/uploads\/2025\/10\/Gruppebillede.jpg 1200w\" sizes=\"(max-width: 1024px) 100vw, 1024px\" \/>\t\t\t\t\t\t\t\t\t\t\t\t\t\t\t<\/div>\n\t\t\t\t<\/div>\n\t\t\t\t\t<\/div>\n\t\t\t\t<\/div>\n\t\t<div class=\"elementor-element elementor-element-8ceb487 e-flex e-con-boxed e-con e-child\" data-id=\"8ceb487\" data-element_type=\"container\">\n\t\t\t\t\t<div class=\"e-con-inner\">\n\t\t<div class=\"elementor-element elementor-element-95093e2 e-con-full e-flex e-con e-child\" data-id=\"95093e2\" data-element_type=\"container\">\n\t\t\t\t<div class=\"elementor-element elementor-element-49cfdca elementor-widget elementor-widget-image\" data-id=\"49cfdca\" data-element_type=\"widget\" data-widget_type=\"image.default\">\n\t\t\t\t\t\t\t\t\t\t\t\t\t\t\t<img decoding=\"async\" width=\"1024\" height=\"683\" src=\"https:\/\/www.pictino.com\/wp-content\/uploads\/2025\/10\/Modelokalet-1024x683.jpg\" class=\"attachment-large size-large wp-image-7226\" alt=\"\" srcset=\"https:\/\/www.pictino.com\/wp-content\/uploads\/2025\/10\/Modelokalet-1024x683.jpg 1024w, https:\/\/www.pictino.com\/wp-content\/uploads\/2025\/10\/Modelokalet-300x200.jpg 300w, https:\/\/www.pictino.com\/wp-content\/uploads\/2025\/10\/Modelokalet-768x512.jpg 768w, https:\/\/www.pictino.com\/wp-content\/uploads\/2025\/10\/Modelokalet-600x400.jpg 600w, https:\/\/www.pictino.com\/wp-content\/uploads\/2025\/10\/Modelokalet.jpg 1200w\" sizes=\"(max-width: 1024px) 100vw, 1024px\" \/>\t\t\t\t\t\t\t\t\t\t\t\t\t\t\t<\/div>\n\t\t\t\t<\/div>\n\t\t<div class=\"elementor-element elementor-element-96cdfa9 e-con-full e-flex e-con e-child\" data-id=\"96cdfa9\" data-element_type=\"container\">\n\t\t\t\t<div class=\"elementor-element elementor-element-816cc2b elementor-widget elementor-widget-text-editor\" data-id=\"816cc2b\" data-element_type=\"widget\" data-widget_type=\"text-editor.default\">\n\t\t\t\t\t\t\t\t\t<p><strong>Tarvitsetko inspiraatiota valokuvakirjaasi?<\/strong> Mahdollisuuksia on monia! Voit esimerkiksi luoda valokuvakirjan valmistuvalle nuorelle h\u00e4nen el\u00e4m\u00e4ns\u00e4 varrelta \u2013 t\u00e4ynn\u00e4 muistoja ja hauskoja hetki\u00e4.  <\/p>\t\t\t\t\t\t\t\t<\/div>\n\t\t\t\t<\/div>\n\t\t\t\t\t<\/div>\n\t\t\t\t<\/div>\n\t\t<div class=\"elementor-element elementor-element-8b98366 e-flex e-con-boxed e-con e-child\" data-id=\"8b98366\" data-element_type=\"container\">\n\t\t\t\t\t<div class=\"e-con-inner\">\n\t\t<div class=\"elementor-element elementor-element-d49c717 e-con-full e-flex e-con e-child\" data-id=\"d49c717\" data-element_type=\"container\">\n\t\t\t\t<div class=\"elementor-element elementor-element-35c236d elementor-widget elementor-widget-text-editor\" data-id=\"35c236d\" data-element_type=\"widget\" data-widget_type=\"text-editor.default\">\n\t\t\t\t\t\t\t\t\t<p><strong>Toinen idea<\/strong> on koota valokuvakirja lapselle, joka on saamassa sisaruksen: kirja h\u00e4nen omasta vauvavuodestaan, jotta h\u00e4n n\u00e4kee, ett\u00e4 kaikki se mit\u00e4 nyt teette pienen vauvan kanssa, teitte my\u00f6s h\u00e4nen kanssaan \u2013 ihana tapa osoittaa, ett\u00e4 h\u00e4n on yht\u00e4 rakas ja t\u00e4rke\u00e4 osa perhett\u00e4. Voit my\u00f6s ker\u00e4t\u00e4 lapsen v\u00e4rikk\u00e4\u00e4t piirustukset yhteen, ikuistaa h\u00e4\u00e4p\u00e4iv\u00e4n kauniit muistot tai tehd\u00e4 kirjan vuoden t\u00e4rkeimmist\u00e4 tapahtumista ja arjen pienist\u00e4 ilon hetkist\u00e4. Oli kyse mist\u00e4 tahansa muistoista, me autamme sinua ikuistamaan ne persoonalliseksi ja kauniiksi valokuvakirjaksi.   <\/p>\t\t\t\t\t\t\t\t<\/div>\n\t\t\t\t<\/div>\n\t\t<div class=\"elementor-element elementor-element-792be93 e-con-full e-flex e-con e-child\" data-id=\"792be93\" data-element_type=\"container\">\n\t\t\t\t<div class=\"elementor-element elementor-element-c702271 elementor-widget elementor-widget-image\" data-id=\"c702271\" data-element_type=\"widget\" data-widget_type=\"image.default\">\n\t\t\t\t\t\t\t\t\t\t\t\t\t\t\t<img loading=\"lazy\" decoding=\"async\" width=\"1024\" height=\"683\" src=\"https:\/\/www.pictino.com\/wp-content\/uploads\/2025\/10\/Hojtbord2-1024x683.jpg\" class=\"attachment-large size-large wp-image-7196\" alt=\"\" srcset=\"https:\/\/www.pictino.com\/wp-content\/uploads\/2025\/10\/Hojtbord2-1024x683.jpg 1024w, https:\/\/www.pictino.com\/wp-content\/uploads\/2025\/10\/Hojtbord2-300x200.jpg 300w, https:\/\/www.pictino.com\/wp-content\/uploads\/2025\/10\/Hojtbord2-768x512.jpg 768w, https:\/\/www.pictino.com\/wp-content\/uploads\/2025\/10\/Hojtbord2-600x400.jpg 600w, https:\/\/www.pictino.com\/wp-content\/uploads\/2025\/10\/Hojtbord2.jpg 1200w\" sizes=\"(max-width: 1024px) 100vw, 1024px\" \/>\t\t\t\t\t\t\t\t\t\t\t\t\t\t\t<\/div>\n\t\t\t\t<\/div>\n\t\t\t\t\t<\/div>\n\t\t\t\t<\/div>\n\t\t\t\t<\/div>\n\t\t\t\t<\/div>\n\t\t","protected":false},"excerpt":{"rendered":"<p>Pictino Tietoa meist\u00e4 Me Pictinolla uskomme, ett\u00e4 valokuvakirjan tekemisen ei tarvitse olla kallista tai monimutkaista. Ajan kuuluu kulua muistojen luomiseen ja niist\u00e4 nauttimiseen \u2013 ei hankalien ja hintavien kuvakirjojen suunnitteluun. Siksi olemme tehneet valmistelut puolestasi. Muutamalla simppelill\u00e4 valinnalla voit luoda kauniin kirjan el\u00e4m\u00e4si t\u00e4rkeimmist\u00e4 hetkist\u00e4. Pictinon taustalla on Paras Kirjani -tiimi, joka on vuodesta 2014 [&hellip;]<\/p>\n","protected":false},"author":5,"featured_media":0,"parent":0,"menu_order":0,"comment_status":"closed","ping_status":"closed","template":"page-no-title","meta":{"_acf_changed":false,"footnotes":""},"class_list":["post-5562","page","type-page","status-publish","hentry"],"acf":[],"_links":{"self":[{"href":"https:\/\/www.pictino.com\/fi\/wp-json\/wp\/v2\/pages\/5562","targetHints":{"allow":["GET"]}}],"collection":[{"href":"https:\/\/www.pictino.com\/fi\/wp-json\/wp\/v2\/pages"}],"about":[{"href":"https:\/\/www.pictino.com\/fi\/wp-json\/wp\/v2\/types\/page"}],"author":[{"embeddable":true,"href":"https:\/\/www.pictino.com\/fi\/wp-json\/wp\/v2\/users\/5"}],"replies":[{"embeddable":true,"href":"https:\/\/www.pictino.com\/fi\/wp-json\/wp\/v2\/comments?post=5562"}],"version-history":[{"count":5,"href":"https:\/\/www.pictino.com\/fi\/wp-json\/wp\/v2\/pages\/5562\/revisions"}],"predecessor-version":[{"id":7308,"href":"https:\/\/www.pictino.com\/fi\/wp-json\/wp\/v2\/pages\/5562\/revisions\/7308"}],"wp:attachment":[{"href":"https:\/\/www.pictino.com\/fi\/wp-json\/wp\/v2\/media?parent=5562"}],"curies":[{"name":"wp","href":"https:\/\/api.w.org\/{rel}","templated":true}]}}