{"id":5503,"date":"2025-10-28T12:30:05","date_gmt":"2025-10-28T11:30:05","guid":{"rendered":"https:\/\/www.pictino.com\/?page_id=5503"},"modified":"2025-10-28T13:30:02","modified_gmt":"2025-10-28T12:30:02","slug":"a-propos-de-nous","status":"publish","type":"page","link":"https:\/\/www.pictino.com\/fr\/a-propos-de-nous\/","title":{"rendered":"\u00c0 propos de nous"},"content":{"rendered":"\t\t<div data-elementor-type=\"wp-page\" data-elementor-id=\"5503\" class=\"elementor elementor-5503 elementor-1558\">\n\t\t\t\t<div class=\"elementor-element elementor-element-3851834 e-con-full e-flex e-con e-parent\" data-id=\"3851834\" data-element_type=\"container\">\n\t\t<div class=\"elementor-element elementor-element-7cd5e04 e-con-full e-flex e-con e-child\" data-id=\"7cd5e04\" data-element_type=\"container\">\n\t\t<div class=\"elementor-element elementor-element-038b682 e-flex e-con-boxed e-con e-child\" data-id=\"038b682\" data-element_type=\"container\">\n\t\t\t\t\t<div class=\"e-con-inner\">\n\t\t\t\t<div class=\"elementor-element elementor-element-a99e71a elementor-widget elementor-widget-heading\" data-id=\"a99e71a\" data-element_type=\"widget\" data-widget_type=\"heading.default\">\n\t\t\t\t\t<h1 class=\"elementor-heading-title elementor-size-default\">Pictino<\/h1>\t\t\t\t<\/div>\n\t\t\t\t\t<\/div>\n\t\t\t\t<\/div>\n\t\t<div class=\"elementor-element elementor-element-51dfa1f e-flex e-con-boxed e-con e-child\" data-id=\"51dfa1f\" data-element_type=\"container\">\n\t\t\t\t\t<div class=\"e-con-inner\">\n\t\t\t\t<div class=\"elementor-element elementor-element-9afea8c elementor-widget elementor-widget-heading\" data-id=\"9afea8c\" data-element_type=\"widget\" data-widget_type=\"heading.default\">\n\t\t\t\t\t<h2 class=\"elementor-heading-title elementor-size-default\">\u00c0 propos de nous<\/h2>\t\t\t\t<\/div>\n\t\t\t\t\t<\/div>\n\t\t\t\t<\/div>\n\t\t\t\t<\/div>\n\t\t<div class=\"elementor-element elementor-element-f4c53aa e-flex e-con-boxed e-con e-child\" data-id=\"f4c53aa\" data-element_type=\"container\">\n\t\t\t\t\t<div class=\"e-con-inner\">\n\t\t<div class=\"elementor-element elementor-element-b0860b0 e-con-full e-flex e-con e-child\" data-id=\"b0860b0\" data-element_type=\"container\">\n\t\t\t\t<div class=\"elementor-element elementor-element-a6a933c elementor-widget elementor-widget-image\" data-id=\"a6a933c\" data-element_type=\"widget\" data-widget_type=\"image.default\">\n\t\t\t\t\t\t\t\t\t\t\t\t\t\t\t<img fetchpriority=\"high\" decoding=\"async\" width=\"1024\" height=\"683\" src=\"https:\/\/www.pictino.com\/wp-content\/uploads\/2025\/10\/Hojtbord1-1024x683.jpg\" class=\"attachment-large size-large wp-image-7212\" alt=\"\" srcset=\"https:\/\/www.pictino.com\/wp-content\/uploads\/2025\/10\/Hojtbord1-1024x683.jpg 1024w, https:\/\/www.pictino.com\/wp-content\/uploads\/2025\/10\/Hojtbord1-300x200.jpg 300w, https:\/\/www.pictino.com\/wp-content\/uploads\/2025\/10\/Hojtbord1-768x512.jpg 768w, https:\/\/www.pictino.com\/wp-content\/uploads\/2025\/10\/Hojtbord1-600x400.jpg 600w, https:\/\/www.pictino.com\/wp-content\/uploads\/2025\/10\/Hojtbord1.jpg 1200w\" sizes=\"(max-width: 1024px) 100vw, 1024px\" \/>\t\t\t\t\t\t\t\t\t\t\t\t\t\t\t<\/div>\n\t\t\t\t<\/div>\n\t\t<div class=\"elementor-element elementor-element-a1b94b6 e-con-full e-flex e-con e-child\" data-id=\"a1b94b6\" data-element_type=\"container\">\n\t\t\t\t<div class=\"elementor-element elementor-element-1e50883 elementor-widget elementor-widget-text-editor\" data-id=\"1e50883\" data-element_type=\"widget\" data-widget_type=\"text-editor.default\">\n\t\t\t\t\t\t\t\t\t<p><strong>Chez Pictino<\/strong>, nous pensons qu\u2019il ne devrait ni \u00eatre co\u00fbteux, ni compliqu\u00e9 de cr\u00e9er un livre photo. Le temps doit \u00eatre consacr\u00e9 \u00e0 cr\u00e9er et \u00e0 profiter de vos souvenirs, plut\u00f4t qu\u2019\u00e0 se perdre dans la cr\u00e9ation de livres photo compliqu\u00e9s et on\u00e9reux. C\u2019est pourquoi nous avons simplifi\u00e9 les choses pour vous : avec seulement quelques choix simples, vous pouvez r\u00e9aliser un joli livre photo rassemblant toutes les photos et souvenirs qui vous tiennent le plus \u00e0 c\u0153ur.  <\/p>\t\t\t\t\t\t\t\t<\/div>\n\t\t\t\t<\/div>\n\t\t\t\t\t<\/div>\n\t\t\t\t<\/div>\n\t\t<div class=\"elementor-element elementor-element-9e742e7 e-flex e-con-boxed e-con e-child\" data-id=\"9e742e7\" data-element_type=\"container\">\n\t\t\t\t\t<div class=\"e-con-inner\">\n\t\t<div class=\"elementor-element elementor-element-cb76769 e-con-full e-flex e-con e-child\" data-id=\"cb76769\" data-element_type=\"container\">\n\t\t\t\t<div class=\"elementor-element elementor-element-5c056a1 elementor-widget elementor-widget-text-editor\" data-id=\"5c056a1\" data-element_type=\"widget\" data-widget_type=\"text-editor.default\">\n\t\t\t\t\t\t\t\t\t<strong>Derri\u00e8re Pictino<\/strong> se trouve l\u2019\u00e9quipe de <a href=\"https:\/\/www.monlivrefavori.fr\/\" target=\"_blank\">Mon Livre Favori<\/a> qui, depuis 2014, a r\u00e9alis\u00e9 plus de 2 millions de livres personnalis\u00e9s pour enfants de haute qualit\u00e9. Nous mettons aujourd\u2019hui cette exp\u00e9rience \u00e0 votre service pour vous aider \u00e0 raconter votre propre histoire \u2013 car tout le monde m\u00e9rite de d\u00e9couvrir une belle histoire. \t\t\t\t\t\t\t\t<\/div>\n\t\t\t\t<\/div>\n\t\t<div class=\"elementor-element elementor-element-9a1d5e1 e-con-full e-flex e-con e-child\" data-id=\"9a1d5e1\" data-element_type=\"container\">\n\t\t\t\t<div class=\"elementor-element elementor-element-435ea50 elementor-widget elementor-widget-image\" data-id=\"435ea50\" data-element_type=\"widget\" data-widget_type=\"image.default\">\n\t\t\t\t\t\t\t\t\t\t\t\t\t\t\t<img decoding=\"async\" width=\"1024\" height=\"683\" src=\"https:\/\/www.pictino.com\/wp-content\/uploads\/2025\/10\/Gruppebillede-1024x683.jpg\" class=\"attachment-large size-large wp-image-7182\" alt=\"\" srcset=\"https:\/\/www.pictino.com\/wp-content\/uploads\/2025\/10\/Gruppebillede-1024x683.jpg 1024w, https:\/\/www.pictino.com\/wp-content\/uploads\/2025\/10\/Gruppebillede-300x200.jpg 300w, https:\/\/www.pictino.com\/wp-content\/uploads\/2025\/10\/Gruppebillede-768x512.jpg 768w, https:\/\/www.pictino.com\/wp-content\/uploads\/2025\/10\/Gruppebillede-600x400.jpg 600w, https:\/\/www.pictino.com\/wp-content\/uploads\/2025\/10\/Gruppebillede.jpg 1200w\" sizes=\"(max-width: 1024px) 100vw, 1024px\" \/>\t\t\t\t\t\t\t\t\t\t\t\t\t\t\t<\/div>\n\t\t\t\t<\/div>\n\t\t\t\t\t<\/div>\n\t\t\t\t<\/div>\n\t\t<div class=\"elementor-element elementor-element-8ceb487 e-flex e-con-boxed e-con e-child\" data-id=\"8ceb487\" data-element_type=\"container\">\n\t\t\t\t\t<div class=\"e-con-inner\">\n\t\t<div class=\"elementor-element elementor-element-95093e2 e-con-full e-flex e-con e-child\" data-id=\"95093e2\" data-element_type=\"container\">\n\t\t\t\t<div class=\"elementor-element elementor-element-49cfdca elementor-widget elementor-widget-image\" data-id=\"49cfdca\" data-element_type=\"widget\" data-widget_type=\"image.default\">\n\t\t\t\t\t\t\t\t\t\t\t\t\t\t\t<img decoding=\"async\" width=\"1024\" height=\"683\" src=\"https:\/\/www.pictino.com\/wp-content\/uploads\/2025\/10\/Modelokalet-1024x683.jpg\" class=\"attachment-large size-large wp-image-7227\" alt=\"\" srcset=\"https:\/\/www.pictino.com\/wp-content\/uploads\/2025\/10\/Modelokalet-1024x683.jpg 1024w, https:\/\/www.pictino.com\/wp-content\/uploads\/2025\/10\/Modelokalet-300x200.jpg 300w, https:\/\/www.pictino.com\/wp-content\/uploads\/2025\/10\/Modelokalet-768x512.jpg 768w, https:\/\/www.pictino.com\/wp-content\/uploads\/2025\/10\/Modelokalet-600x400.jpg 600w, https:\/\/www.pictino.com\/wp-content\/uploads\/2025\/10\/Modelokalet.jpg 1200w\" sizes=\"(max-width: 1024px) 100vw, 1024px\" \/>\t\t\t\t\t\t\t\t\t\t\t\t\t\t\t<\/div>\n\t\t\t\t<\/div>\n\t\t<div class=\"elementor-element elementor-element-96cdfa9 e-con-full e-flex e-con e-child\" data-id=\"96cdfa9\" data-element_type=\"container\">\n\t\t\t\t<div class=\"elementor-element elementor-element-816cc2b elementor-widget elementor-widget-text-editor\" data-id=\"816cc2b\" data-element_type=\"widget\" data-widget_type=\"text-editor.default\">\n\t\t\t\t\t\t\t\t\t<p><strong>Avez-vous besoin d&rsquo;inspiration<\/strong> pour votre prochain livre photo ? Il vous suffit de rassembler vos souvenirs photo les plus chers en un album. Vous pouvez, par exemple, offrir un livre photo \u00e0 un enfant qui f\u00eate son anniversaire. Un livre photo rempli de doux souvenirs partag\u00e9s depuis l&rsquo;enfance. <br>Il y a bien s\u00fbr les livres photo traditionnels avec des photos d\u2019un mariage ou de vacances. Mais avez-vous d\u00e9j\u00e0 pens\u00e9 \u00e0 cr\u00e9er un livre photo pour un enfant qui va devenir grand fr\u00e8re ou grande s\u0153ur, avec des photos o\u00f9 l\u2019enfant \u00e9tait lui-m\u00eame b\u00e9b\u00e9 ? Une belle mani\u00e8re de lui montrer qu\u2019il a \u00e9galement re\u00e7u toute cette attention que re\u00e7oit aujourd\u2019hui le nouveau b\u00e9b\u00e9.  <\/p>\t\t\t\t\t\t\t\t<\/div>\n\t\t\t\t<\/div>\n\t\t\t\t\t<\/div>\n\t\t\t\t<\/div>\n\t\t<div class=\"elementor-element elementor-element-8b98366 e-flex e-con-boxed e-con e-child\" data-id=\"8b98366\" data-element_type=\"container\">\n\t\t\t\t\t<div class=\"e-con-inner\">\n\t\t<div class=\"elementor-element elementor-element-d49c717 e-con-full e-flex e-con e-child\" data-id=\"d49c717\" data-element_type=\"container\">\n\t\t\t\t<div class=\"elementor-element elementor-element-35c236d elementor-widget elementor-widget-text-editor\" data-id=\"35c236d\" data-element_type=\"widget\" data-widget_type=\"text-editor.default\">\n\t\t\t\t\t\t\t\t\t<p><strong>Ou<\/strong> que diriez-vous d\u2019un album regroupant tous les grands \u00e9v\u00e9nements et petits moments v\u00e9cus par votre famille au cours de l\u2019ann\u00e9e \u00e9coul\u00e9e ? Quel que soit le type de livre photo que vous choisissez, nous vous aidons \u00e0 immortaliser vos souvenirs et \u00e0 les garder vivants !   <\/p>\t\t\t\t\t\t\t\t<\/div>\n\t\t\t\t<\/div>\n\t\t<div class=\"elementor-element elementor-element-792be93 e-con-full e-flex e-con e-child\" data-id=\"792be93\" data-element_type=\"container\">\n\t\t\t\t<div class=\"elementor-element elementor-element-c702271 elementor-widget elementor-widget-image\" data-id=\"c702271\" data-element_type=\"widget\" data-widget_type=\"image.default\">\n\t\t\t\t\t\t\t\t\t\t\t\t\t\t\t<img loading=\"lazy\" decoding=\"async\" width=\"1024\" height=\"683\" src=\"https:\/\/www.pictino.com\/wp-content\/uploads\/2025\/10\/Hojtbord2-1024x683.jpg\" class=\"attachment-large size-large wp-image-7197\" alt=\"\" srcset=\"https:\/\/www.pictino.com\/wp-content\/uploads\/2025\/10\/Hojtbord2-1024x683.jpg 1024w, https:\/\/www.pictino.com\/wp-content\/uploads\/2025\/10\/Hojtbord2-300x200.jpg 300w, https:\/\/www.pictino.com\/wp-content\/uploads\/2025\/10\/Hojtbord2-768x512.jpg 768w, https:\/\/www.pictino.com\/wp-content\/uploads\/2025\/10\/Hojtbord2-600x400.jpg 600w, https:\/\/www.pictino.com\/wp-content\/uploads\/2025\/10\/Hojtbord2.jpg 1200w\" sizes=\"(max-width: 1024px) 100vw, 1024px\" \/>\t\t\t\t\t\t\t\t\t\t\t\t\t\t\t<\/div>\n\t\t\t\t<\/div>\n\t\t\t\t\t<\/div>\n\t\t\t\t<\/div>\n\t\t\t\t<\/div>\n\t\t\t\t<\/div>\n\t\t","protected":false},"excerpt":{"rendered":"<p>Pictino \u00c0 propos de nous Chez Pictino, nous pensons qu\u2019il ne devrait ni \u00eatre co\u00fbteux, ni compliqu\u00e9 de cr\u00e9er un livre photo. Le temps doit \u00eatre consacr\u00e9 \u00e0 cr\u00e9er et \u00e0 profiter de vos souvenirs, plut\u00f4t qu\u2019\u00e0 se perdre dans la cr\u00e9ation de livres photo compliqu\u00e9s et on\u00e9reux. C\u2019est pourquoi nous avons simplifi\u00e9 les choses [&hellip;]<\/p>\n","protected":false},"author":5,"featured_media":0,"parent":0,"menu_order":0,"comment_status":"closed","ping_status":"closed","template":"page-no-title","meta":{"_acf_changed":false,"footnotes":""},"class_list":["post-5503","page","type-page","status-publish","hentry"],"acf":[],"_links":{"self":[{"href":"https:\/\/www.pictino.com\/fr\/wp-json\/wp\/v2\/pages\/5503","targetHints":{"allow":["GET"]}}],"collection":[{"href":"https:\/\/www.pictino.com\/fr\/wp-json\/wp\/v2\/pages"}],"about":[{"href":"https:\/\/www.pictino.com\/fr\/wp-json\/wp\/v2\/types\/page"}],"author":[{"embeddable":true,"href":"https:\/\/www.pictino.com\/fr\/wp-json\/wp\/v2\/users\/5"}],"replies":[{"embeddable":true,"href":"https:\/\/www.pictino.com\/fr\/wp-json\/wp\/v2\/comments?post=5503"}],"version-history":[{"count":9,"href":"https:\/\/www.pictino.com\/fr\/wp-json\/wp\/v2\/pages\/5503\/revisions"}],"predecessor-version":[{"id":7317,"href":"https:\/\/www.pictino.com\/fr\/wp-json\/wp\/v2\/pages\/5503\/revisions\/7317"}],"wp:attachment":[{"href":"https:\/\/www.pictino.com\/fr\/wp-json\/wp\/v2\/media?parent=5503"}],"curies":[{"name":"wp","href":"https:\/\/api.w.org\/{rel}","templated":true}]}}