{"id":4871,"date":"2025-07-10T11:05:58","date_gmt":"2025-07-10T09:05:58","guid":{"rendered":"https:\/\/www.pictino.com\/algemene-voorwaarden\/"},"modified":"2026-03-11T11:20:58","modified_gmt":"2026-03-11T10:20:58","slug":"algemene-voorwaarden","status":"publish","type":"page","link":"https:\/\/www.pictino.com\/nl\/algemene-voorwaarden\/","title":{"rendered":"Algemene Voorwaarden"},"content":{"rendered":"\t\t<div data-elementor-type=\"wp-page\" data-elementor-id=\"4871\" class=\"elementor elementor-4871 elementor-186\">\n\t\t\t\t<div class=\"elementor-element elementor-element-421a736 e-con-full e-flex e-con e-parent\" data-id=\"421a736\" data-element_type=\"container\">\n\t\t<div class=\"elementor-element elementor-element-6b05d04 e-flex e-con-boxed e-con e-child\" data-id=\"6b05d04\" data-element_type=\"container\">\n\t\t\t\t\t<div class=\"e-con-inner\">\n\t\t\t\t<div class=\"elementor-element elementor-element-4dc357d elementor-widget elementor-widget-heading\" data-id=\"4dc357d\" data-element_type=\"widget\" data-widget_type=\"heading.default\">\n\t\t\t\t\t<h1 class=\"elementor-heading-title elementor-size-default\">DE KLEINE LETTERTJES<\/h1>\t\t\t\t<\/div>\n\t\t\t\t\t<\/div>\n\t\t\t\t<\/div>\n\t\t<div class=\"elementor-element elementor-element-8dbc281 e-flex e-con-boxed e-con e-child\" data-id=\"8dbc281\" data-element_type=\"container\">\n\t\t\t\t\t<div class=\"e-con-inner\">\n\t\t\t\t<div class=\"elementor-element elementor-element-cbc3a50 elementor-widget elementor-widget-heading\" data-id=\"cbc3a50\" data-element_type=\"widget\" data-widget_type=\"heading.default\">\n\t\t\t\t\t<h2 class=\"elementor-heading-title elementor-size-default\">Verzending en levering<\/h2>\t\t\t\t<\/div>\n\t\t\t\t<div class=\"elementor-element elementor-element-c9520e9 elementor-widget elementor-widget-text-editor\" data-id=\"c9520e9\" data-element_type=\"widget\" data-widget_type=\"text-editor.default\">\n\t\t\t\t\t\t\t\t\t<p data-syno-attrs=\"{\"textMarks\":[{\"_\":\"font_size\",\"value\":12},{\"_\":\"font_family\",\"complexScript\":\"Times New Roman\",\"eastAsia\":\"Times New Roman\",\"value\":\"Times New Roman\"},{\"_\":\"strong\",\"value\":false}]}\">Alle zendingen worden als brievenbuspost verzonden via de Deense posterijen (PostNord) en daarna overgedragen aan PostNL of Bpost. De zending wordt doorgaans binnen 8-9 werkdagen bezorgd. Tijdens vakantieperiodes en feestdagen kan een langere levertijd gelden.<br>Bestellingen worden rechtstreeks verstuurd naar het leveradres dat je aan ons hebt doorgegeven. LET OP: Als het pakket niet door de brievenbus past, gaat het naar het dichtstbijzijnde pakketpunt. Je ontvangt dan bericht dat je het pakket daar kunt ophalen. Indien het pakket na 1 week (bij Bpost na 2 weken) niet is opgehaald, wordt het naar ons teruggestuurd. Ingeval je het pakket niet binnen de genoemde tijd ophaalt en je de bestelling wilt annuleren, zullen de verzendkosten in mindering worden gebracht op het aankoopbedrag.<br>Wij versturen bestellingen naar Denemarken, Noorwegen, Zweden, Finland, IJsland, Groenland, de Faer\u00f6er, Nederland, Belgi\u00eb, Luxemburg, Frankrijk, Itali\u00eb, Spanje, Portugal, het Verenigd Koninkrijk, Duitsland, Oostenrijk, Zwitserland, Tsjechi\u00eb, Slowakije, Polen, Kroati\u00eb, Sloveni\u00eb, Hongarije, Bulgarije, Roemeni\u00eb, Moldavi\u00eb, Estland, Letland en Litouwen. De producten kunnen helaas niet bij ons worden afgehaald.<br>Nadat we jouw bestelling hebben verzonden ontvang je een e-mail met een Track &amp; Trace-nummer, waarmee je de bezorging van jouw pakket kunt volgen. Dit Track &amp; Trace-nummer wordt actief zodra je pakket is aangekomen en geregistreerd in het sorteercentrum van PostNL of Bpost.        <\/p>\t\t\t\t\t\t\t\t<\/div>\n\t\t\t\t\t<\/div>\n\t\t\t\t<\/div>\n\t\t<div class=\"elementor-element elementor-element-8902f97 e-flex e-con-boxed e-con e-child\" data-id=\"8902f97\" data-element_type=\"container\">\n\t\t\t\t\t<div class=\"e-con-inner\">\n\t\t\t\t<div class=\"elementor-element elementor-element-b017a66 elementor-widget elementor-widget-heading\" data-id=\"b017a66\" data-element_type=\"widget\" data-widget_type=\"heading.default\">\n\t\t\t\t\t<h2 class=\"elementor-heading-title elementor-size-default\">Retour\/herroepingsrecht<\/h2>\t\t\t\t<\/div>\n\t\t\t\t<div class=\"elementor-element elementor-element-6e5adea elementor-widget elementor-widget-text-editor\" data-id=\"6e5adea\" data-element_type=\"widget\" data-widget_type=\"text-editor.default\">\n\t\t\t\t\t\t\t\t\t<p data-syno-attrs=\"{\"textMarks\":[{\"_\":\"font_size\",\"value\":12},{\"_\":\"font_family\",\"complexScript\":\"Times New Roman\",\"eastAsia\":\"Times New Roman\",\"value\":\"Times New Roman\"},{\"_\":\"strong\",\"value\":false}]}\">Aangezien ieder product uniek is voor elke klant persoonlijk wordt gemaakt, is het helaas niet mogelijk om de producten te retourneren. Het is dan ook belangrijk om tijdens het plaatsen van de bestelling de ingevoerde gegevens goed te controleren. Eventuele wijzigingen kunnen in het eerste uur na plaatsing van de bestelling worden doorgegeven via de link in de bestelbevestiging. Een uur nadat je de bestelling hebt geplaatst, gaan we met jouw product aan de slag. Is het niet gelukt om de wijzigingen tijdig door te geven, neem dan contact op met onze klantenservice. Omdat de bestelling speciaal voor jou op maat wordt gemaakt, kan deze niet meer worden geannuleerd zodra hij is in productie is genomen.<br>Zie hiervoor tevens de EU wetgeving over gepersonaliseerde producten: https:\/\/eur-lex.europa.eu\/legal-content\/NL\/   <\/p>\t\t\t\t\t\t\t\t<\/div>\n\t\t\t\t\t<\/div>\n\t\t\t\t<\/div>\n\t\t<div class=\"elementor-element elementor-element-9f2b2e3 e-flex e-con-boxed e-con e-child\" data-id=\"9f2b2e3\" data-element_type=\"container\">\n\t\t\t\t\t<div class=\"e-con-inner\">\n\t\t\t\t<div class=\"elementor-element elementor-element-6a36003 elementor-widget elementor-widget-heading\" data-id=\"6a36003\" data-element_type=\"widget\" data-widget_type=\"heading.default\">\n\t\t\t\t\t<h2 class=\"elementor-heading-title elementor-size-default\">Betaalinformatie<\/h2>\t\t\t\t<\/div>\n\t\t\t\t<div class=\"elementor-element elementor-element-3eef559 elementor-widget elementor-widget-text-editor\" data-id=\"3eef559\" data-element_type=\"widget\" data-widget_type=\"text-editor.default\">\n\t\t\t\t\t\t\t\t\t<p data-syno-attrs=\"{\"textMarks\":[{\"_\":\"font_size\",\"value\":12},{\"_\":\"font_family\",\"complexScript\":\"Times New Roman\",\"eastAsia\":\"Times New Roman\",\"value\":\"Times New Roman\"},{\"_\":\"strong\",\"value\":false}]}\">Alle prijzen staan vermeld in \u20ac en zijn inclusief 9% btw. De bestelling is pas geplaatst als de betaling is afgerond. Betaling gebeurt via de op de website genoemde erkende betaalmethoden. <\/p>\t\t\t\t\t\t\t\t<\/div>\n\t\t\t\t\t<\/div>\n\t\t\t\t<\/div>\n\t\t<div class=\"elementor-element elementor-element-67b5f40 e-flex e-con-boxed e-con e-child\" data-id=\"67b5f40\" data-element_type=\"container\">\n\t\t\t\t\t<div class=\"e-con-inner\">\n\t\t\t\t<div class=\"elementor-element elementor-element-57f7d6d elementor-widget elementor-widget-heading\" data-id=\"57f7d6d\" data-element_type=\"widget\" data-widget_type=\"heading.default\">\n\t\t\t\t\t<h2 class=\"elementor-heading-title elementor-size-default\">Veiligheid<\/h2>\t\t\t\t<\/div>\n\t\t\t\t<div class=\"elementor-element elementor-element-01f9d66 elementor-widget elementor-widget-text-editor\" data-id=\"01f9d66\" data-element_type=\"widget\" data-widget_type=\"text-editor.default\">\n\t\t\t\t\t\t\t\t\t<p data-syno-attrs=\"{\"textMarks\":[{\"_\":\"font_size\",\"value\":12},{\"_\":\"font_family\",\"complexScript\":\"Times New Roman\",\"eastAsia\":\"Times New Roman\",\"value\":\"Times New Roman\"},{\"_\":\"strong\",\"value\":false}]}\">We maken bij alle betalingen gebruik van Ayden. Ayden maakt encrypties van al jouw bankgegevens via het zogenaamde SSL (Secure Socket Layer) protocol. Dit houdt in dat jouw kaartnummer of andere informatie die tijdens de transactie wordt verstrekt niet door onbevoegden kan worden afgelezen. De op Pictino.com verstrekte informatie wordt enkel en alleen bewaard om jou als klant van dienst te kunnen zijn en jouw product te kunnen leveren. De betaling en het invoeren van jouw kaartgegevens gebeurt rechtstreeks binnen Ayden. Daarom zijn jouw kaartgegevens 100% veilig bij Ayden. Niemand anders heeft toegang tot jouw gegevens, ook Pictino niet.      <\/p>\t\t\t\t\t\t\t\t<\/div>\n\t\t\t\t\t<\/div>\n\t\t\t\t<\/div>\n\t\t<div class=\"elementor-element elementor-element-077df97 e-flex e-con-boxed e-con e-child\" data-id=\"077df97\" data-element_type=\"container\">\n\t\t\t\t\t<div class=\"e-con-inner\">\n\t\t\t\t<div class=\"elementor-element elementor-element-f6c26e9 elementor-widget elementor-widget-heading\" data-id=\"f6c26e9\" data-element_type=\"widget\" data-widget_type=\"heading.default\">\n\t\t\t\t\t<h2 class=\"elementor-heading-title elementor-size-default\">Mails en marketing<\/h2>\t\t\t\t<\/div>\n\t\t\t\t<div class=\"elementor-element elementor-element-d1975a4 elementor-widget elementor-widget-text-editor\" data-id=\"d1975a4\" data-element_type=\"widget\" data-widget_type=\"text-editor.default\">\n\t\t\t\t\t\t\t\t\t<p data-syno-attrs=\"{\"textMarks\":[{\"_\":\"font_size\",\"value\":12},{\"_\":\"font_family\",\"complexScript\":\"Times New Roman\",\"eastAsia\":\"Times New Roman\",\"value\":\"Times New Roman\"},{\"_\":\"strong\",\"value\":false}]}\">Als onderdeel van onze dienstverlening sturen wij jou een bevestiging van de bestelling, een factuur en een bevestiging van de verzending van je bestelling. Indien je binnen \u00e9\u00e9n uur na het plaatsen van de bestelling je gegevens hebt gewijzigd, sturen we je tevens een bevestiging van de gewijzigde bestelling.<br>Als je een bestelling plaatst bij Pictino bieden we je de mogelijkheid om je in te schrijven voor onze nieuwsbrief, waarin we leuke aanbiedingen en nieuwtjes delen Inschrijving is vrijwillig en je kunt je te allen tijden eenvoudig weer uitschrijven.  <\/p>\t\t\t\t\t\t\t\t<\/div>\n\t\t\t\t\t<\/div>\n\t\t\t\t<\/div>\n\t\t<div class=\"elementor-element elementor-element-08766b4 e-flex e-con-boxed e-con e-child\" data-id=\"08766b4\" data-element_type=\"container\">\n\t\t\t\t\t<div class=\"e-con-inner\">\n\t\t\t\t<div class=\"elementor-element elementor-element-1fe40d9 elementor-widget elementor-widget-heading\" data-id=\"1fe40d9\" data-element_type=\"widget\" data-widget_type=\"heading.default\">\n\t\t\t\t\t<h1 class=\"elementor-heading-title elementor-size-default\">ALGEMENE VOORWAARDEN<\/h1>\t\t\t\t<\/div>\n\t\t\t\t\t<\/div>\n\t\t\t\t<\/div>\n\t\t<div class=\"elementor-element elementor-element-bc2c852 e-flex e-con-boxed e-con e-child\" data-id=\"bc2c852\" data-element_type=\"container\">\n\t\t\t\t\t<div class=\"e-con-inner\">\n\t\t\t\t<div class=\"elementor-element elementor-element-925a8d8 elementor-widget elementor-widget-heading\" data-id=\"925a8d8\" data-element_type=\"widget\" data-widget_type=\"heading.default\">\n\t\t\t\t\t<h2 class=\"elementor-heading-title elementor-size-default\">Doel en omvang<\/h2>\t\t\t\t<\/div>\n\t\t\t\t<div class=\"elementor-element elementor-element-2a6a814 elementor-widget elementor-widget-text-editor\" data-id=\"2a6a814\" data-element_type=\"widget\" data-widget_type=\"text-editor.default\">\n\t\t\t\t\t\t\t\t\t<p data-syno-attrs=\"{\"textMarks\":[{\"_\":\"font_size\",\"value\":12},{\"_\":\"font_family\",\"complexScript\":\"Times New Roman\",\"eastAsia\":\"Times New Roman\",\"value\":\"Times New Roman\"},{\"_\":\"em\",\"value\":false},{\"_\":\"strong\",\"value\":false},{\"_\":\"color\",\"value\":\"#000000\"},{\"_\":\"background_color\",\"value\":\"#ffffff\"},{\"_\":\"underline\",\"value\":false},{\"_\":\"strike\",\"value\":false}]}\">In deze voorwaarden staan de nadere condities vermeld voor de levering van de producten en diensten van Pictino. Bij iedere aankoop dienen de algemene voorwaarden geaccepteerd te worden. Pictino behoudt zich het recht voor om de voorwaarden zonder voorafgaande aankondiging te wijzigen, waarbij die wijziging tevens voor reeds geplaatste bestellingen geldt.  <\/p>\t\t\t\t\t\t\t\t<\/div>\n\t\t\t\t\t<\/div>\n\t\t\t\t<\/div>\n\t\t<div class=\"elementor-element elementor-element-3c04925 e-flex e-con-boxed e-con e-child\" data-id=\"3c04925\" data-element_type=\"container\">\n\t\t\t\t\t<div class=\"e-con-inner\">\n\t\t\t\t<div class=\"elementor-element elementor-element-8f24b51 elementor-widget elementor-widget-heading\" data-id=\"8f24b51\" data-element_type=\"widget\" data-widget_type=\"heading.default\">\n\t\t\t\t\t<h2 class=\"elementor-heading-title elementor-size-default\">Prijzen en betaling<\/h2>\t\t\t\t<\/div>\n\t\t\t\t<div class=\"elementor-element elementor-element-048d296 elementor-widget elementor-widget-text-editor\" data-id=\"048d296\" data-element_type=\"widget\" data-widget_type=\"text-editor.default\">\n\t\t\t\t\t\t\t\t\t<p data-syno-attrs=\"{\"textMarks\":[{\"_\":\"font_size\",\"value\":12},{\"_\":\"font_family\",\"complexScript\":\"Times New Roman\",\"eastAsia\":\"Times New Roman\",\"value\":\"Times New Roman\"},{\"_\":\"em\",\"value\":false},{\"_\":\"strong\",\"value\":false},{\"_\":\"color\",\"value\":\"#000000\"},{\"_\":\"background_color\",\"value\":\"#ffffff\"},{\"_\":\"underline\",\"value\":false},{\"_\":\"strike\",\"value\":false}]}\">Alle prijzen op Pictino.com zijn inclusief 9% btw. Ook worden er verzendkosten in rekening gebracht, tenzij anders vermeld. Betaling vindt plaats bij afronding van de bestelling via de op de website vermelde betaalwijzen. <\/p>\t\t\t\t\t\t\t\t<\/div>\n\t\t\t\t\t<\/div>\n\t\t\t\t<\/div>\n\t\t<div class=\"elementor-element elementor-element-0104b37 e-flex e-con-boxed e-con e-child\" data-id=\"0104b37\" data-element_type=\"container\">\n\t\t\t\t\t<div class=\"e-con-inner\">\n\t\t\t\t<div class=\"elementor-element elementor-element-dfe8e0c elementor-widget elementor-widget-heading\" data-id=\"dfe8e0c\" data-element_type=\"widget\" data-widget_type=\"heading.default\">\n\t\t\t\t\t<h2 class=\"elementor-heading-title elementor-size-default\">Levering en vertraging<\/h2>\t\t\t\t<\/div>\n\t\t\t\t<div class=\"elementor-element elementor-element-e900d66 elementor-widget elementor-widget-text-editor\" data-id=\"e900d66\" data-element_type=\"widget\" data-widget_type=\"text-editor.default\">\n\t\t\t\t\t\t\t\t\t<p data-syno-attrs=\"{\"textMarks\":[{\"_\":\"font_size\",\"value\":12},{\"_\":\"font_family\",\"complexScript\":\"Times New Roman\",\"eastAsia\":\"Times New Roman\",\"value\":\"Times New Roman\"},{\"_\":\"em\",\"value\":false},{\"_\":\"strong\",\"value\":false},{\"_\":\"color\",\"value\":\"#000000\"},{\"_\":\"underline\",\"value\":false},{\"_\":\"strike\",\"value\":false}]}\">Levering vindt plaats zodra het product gereed is. Doorgaans wordt een bestelling geproduceerd en geleverd binnen 8-9 werkdagen nadat de hij werd geplaatst. Je hebt als klant het recht om jouw bestelling ongedaan te maken ingeval de levering van een bestelling aanzienlijk vertraagd is. Er is sprake van aanzienlijke vertraging wanneer de overeengekomen levertijd met 30 werkdagen is overschreden. Ingeval de levering is vertraagd wegens omstandigheden waar Pictino geen verantwoordelijkheid voor draagt (inclusief vertraging of gebrekkige levering zijdens toeleveranciers, vertraging zijdens de klant en gebrekkige medewerking zijdens de klant), vormt de vertraging geen verhaalmiddel voor de klant wegens de niet-naleving van de verplichtingen, en vormt de vertraging evenmin reden tot be\u00ebindiging van de koopovereenkomst zijdens de klant.<br>Ingeval de bezorging wordt vertraagd of verhinderd wegens overmacht, kan Pictino daarvoor niet aansprakelijk worden gesteld. Ingeval er sprake is van omstandigheden waarvoor Pictino geen verantwoordelijkheid draagt, die ertoe leiden dat naleving van de leveringsverplichting zijdens Pictino duurder uitvalt, is Pictino niet verplicht die na te komen. Indien een bestelling aantoonbaar op tijd door Pictino is verzonden (volgens de overeengekomen levertijd), kan Pictino niet aansprakelijk worden gehouden voor vertraging in de bezorging door de post- en vervoersbedrijven of een kwijtgeraakt pakket. De klant kan zich nimmer beroepen op vertraging van reeds bezorgde producten.      <\/p>\t\t\t\t\t\t\t\t<\/div>\n\t\t\t\t\t<\/div>\n\t\t\t\t<\/div>\n\t\t<div class=\"elementor-element elementor-element-daabcbf e-flex e-con-boxed e-con e-child\" data-id=\"daabcbf\" data-element_type=\"container\">\n\t\t\t\t\t<div class=\"e-con-inner\">\n\t\t\t\t<div class=\"elementor-element elementor-element-74950ec elementor-widget elementor-widget-heading\" data-id=\"74950ec\" data-element_type=\"widget\" data-widget_type=\"heading.default\">\n\t\t\t\t\t<h2 class=\"elementor-heading-title elementor-size-default\">Eigendomsrecht en voorbehoud<\/h2>\t\t\t\t<\/div>\n\t\t\t\t<div class=\"elementor-element elementor-element-ce943cc elementor-widget elementor-widget-text-editor\" data-id=\"ce943cc\" data-element_type=\"widget\" data-widget_type=\"text-editor.default\">\n\t\t\t\t\t\t\t\t\t<p data-syno-attrs=\"{\"textMarks\":[{\"_\":\"font_size\",\"value\":12},{\"_\":\"font_family\",\"complexScript\":\"Times New Roman\",\"eastAsia\":\"Times New Roman\",\"value\":\"Times New Roman\"},{\"_\":\"em\",\"value\":false},{\"_\":\"strong\",\"value\":false},{\"_\":\"color\",\"value\":\"#000000\"},{\"_\":\"background_color\",\"value\":\"#ffffff\"},{\"_\":\"underline\",\"value\":false},{\"_\":\"strike\",\"value\":false}]}\">De klant verwerft pas het eigendomsrecht over het fysieke exemplaar van een product wanneer de koopsom volledig aan Pictino is voldaan. Alle producten van Pictino blijven diens eigendom totdat volledige betaling daarvoor is ontvangen. Nadat het eigendomsrecht op de klant is overgegaan, behoudt Pictino zich het recht voor om het vervaardigde product als voorbeeld te gebruiken voor marketingdoeleinden.  <\/p>\t\t\t\t\t\t\t\t<\/div>\n\t\t\t\t\t<\/div>\n\t\t\t\t<\/div>\n\t\t<div class=\"elementor-element elementor-element-ff13a36 e-flex e-con-boxed e-con e-child\" data-id=\"ff13a36\" data-element_type=\"container\">\n\t\t\t\t\t<div class=\"e-con-inner\">\n\t\t\t\t<div class=\"elementor-element elementor-element-ed43212 elementor-widget elementor-widget-heading\" data-id=\"ed43212\" data-element_type=\"widget\" data-widget_type=\"heading.default\">\n\t\t\t\t\t<h2 class=\"elementor-heading-title elementor-size-default\">Reclameren en gebreken<\/h2>\t\t\t\t<\/div>\n\t\t\t\t<div class=\"elementor-element elementor-element-a1417f6 elementor-widget elementor-widget-text-editor\" data-id=\"a1417f6\" data-element_type=\"widget\" data-widget_type=\"text-editor.default\">\n\t\t\t\t\t\t\t\t\t<p data-syno-attrs=\"{\"textMarks\":[{\"_\":\"font_size\",\"value\":12},{\"_\":\"font_family\",\"complexScript\":\"Times New Roman\",\"eastAsia\":\"Times New Roman\",\"value\":\"Times New Roman\"},{\"_\":\"em\",\"value\":false},{\"_\":\"strong\",\"value\":false},{\"_\":\"color\",\"value\":\"#000000\"},{\"_\":\"underline\",\"value\":false},{\"_\":\"strike\",\"value\":false}]}\">Pictino is niet aansprakelijk voor fouten die niet schriftelijk door de klant zijn gecorrigeerd voordat de bestelling werd uitgevoerd. Ingeval blijkt dat de levering gebreken kent of fouten bevat, dient de klant hierover binnen een redelijke termijn te reclameren door rechtstreeks contact op te nemen. Pictino is gerechtigd te trachten een gebrek te herstellen voor zover dit binnen een redelijke termijn kan plaatsvinden en voor zover blijkt dat Pictino aansprakelijk kan worden gehouden voor de fout.  <\/p><p>LET OP: de kleuren in de uiteindelijke gedrukte producten kunnen afwijken van de kleuren zoals weergegeven op het scherm. Dit wordt niet als een fout beschouwd. <br>Voorts geldt een reclamatieperiode van 2 jaar zoals volgt uit de Europese consumentenwetgeving.<\/p>\t\t\t\t\t\t\t\t<\/div>\n\t\t\t\t\t<\/div>\n\t\t\t\t<\/div>\n\t\t<div class=\"elementor-element elementor-element-a186205 e-flex e-con-boxed e-con e-child\" data-id=\"a186205\" data-element_type=\"container\">\n\t\t\t\t\t<div class=\"e-con-inner\">\n\t\t\t\t<div class=\"elementor-element elementor-element-632fc5d elementor-widget elementor-widget-heading\" data-id=\"632fc5d\" data-element_type=\"widget\" data-widget_type=\"heading.default\">\n\t\t\t\t\t<h2 class=\"elementor-heading-title elementor-size-default\">Beperkte inkomsten<\/h2>\t\t\t\t<\/div>\n\t\t\t\t<div class=\"elementor-element elementor-element-9982f4b elementor-widget elementor-widget-text-editor\" data-id=\"9982f4b\" data-element_type=\"widget\" data-widget_type=\"text-editor.default\">\n\t\t\t\t\t\t\t\t\t<p data-syno-attrs=\"{\"textMarks\":[{\"_\":\"font_size\",\"value\":12},{\"_\":\"font_family\",\"complexScript\":\"Times New Roman\",\"eastAsia\":\"Times New Roman\",\"value\":\"Times New Roman\"},{\"_\":\"em\",\"value\":false},{\"_\":\"strong\",\"value\":false},{\"_\":\"color\",\"value\":\"#000000\"},{\"_\":\"background_color\",\"value\":\"#ffffff\"},{\"_\":\"underline\",\"value\":false},{\"_\":\"strike\",\"value\":false}]}\">Ingeval van vertraging, of ingeval van gebreken in de afgeleverde producten, is Pictino niet aansprakelijk voor gevolgschade, winstverlies of andere indirecte schade, inclusief verlies voortvloeiende uit de rechtspositie van de klant ten opzichte van derden. Voorts is Pictino enkel verplicht tot het betalen van schadevergoeding aan de klant ingeval van verlies of schade die is ontstaan als gevolg van grove onachtzaamheid of opzettelijke gedragingen. Pictino is niet aansprakelijk voor indirecte schade of directe schade, indien die voortvloeien uit vertraging, verloren gegevens of gederfde inkomsten.  <\/p>\t\t\t\t\t\t\t\t<\/div>\n\t\t\t\t\t<\/div>\n\t\t\t\t<\/div>\n\t\t<div class=\"elementor-element elementor-element-1eb1bca e-flex e-con-boxed e-con e-child\" data-id=\"1eb1bca\" data-element_type=\"container\">\n\t\t\t\t\t<div class=\"e-con-inner\">\n\t\t\t\t<div class=\"elementor-element elementor-element-814d05a elementor-widget elementor-widget-heading\" data-id=\"814d05a\" data-element_type=\"widget\" data-widget_type=\"heading.default\">\n\t\t\t\t\t<h2 class=\"elementor-heading-title elementor-size-default\">AUTEURSRECHTEN<\/h2>\t\t\t\t<\/div>\n\t\t\t\t<div class=\"elementor-element elementor-element-74c071d elementor-widget elementor-widget-text-editor\" data-id=\"74c071d\" data-element_type=\"widget\" data-widget_type=\"text-editor.default\">\n\t\t\t\t\t\t\t\t\t<p data-syno-attrs=\"{\"textMarks\":[{\"_\":\"font_size\",\"value\":12},{\"_\":\"font_family\",\"complexScript\":\"Times New Roman\",\"eastAsia\":\"Times New Roman\",\"value\":\"Times New Roman\"},{\"_\":\"em\",\"value\":false},{\"_\":\"strong\",\"value\":false},{\"_\":\"color\",\"value\":\"#000000\"},{\"_\":\"background_color\",\"value\":\"#ffffff\"},{\"_\":\"underline\",\"value\":false},{\"_\":\"strike\",\"value\":false}]}\">Wanneer u foto&#8217;s uploadt voor gebruik in onze fotoboeken, verklaart u tegelijkertijd dat u over de nodige rechten beschikt om de betreffende foto&#8217;s te gebruiken, te kopi\u00ebren en door te geven. Het is de verantwoordelijkheid van de klant om ervoor te zorgen dat het gebruik van foto&#8217;s geen inbreuk maakt op het auteursrecht, de persoonsgegevens of andere geldende wetten en regels van derden.  <br>Pictino ApS kan niet aansprakelijk worden gesteld voor foto&#8217;s die door de klant worden ge\u00fcpload en aanvaardt geen enkele aansprakelijkheid voor eventuele inbreuken op auteursrechten of andere rechten door de klant. Indien derden een vordering instellen tegen Pictino ApS als gevolg van het uploaden en gebruiken van foto&#8217;s door de klant, behouden wij ons het recht voor om een dergelijke vordering door te sturen naar de klant. <\/p>\t\t\t\t\t\t\t\t<\/div>\n\t\t\t\t\t<\/div>\n\t\t\t\t<\/div>\n\t\t<div class=\"elementor-element elementor-element-b35bc3b e-flex e-con-boxed e-con e-child\" data-id=\"b35bc3b\" data-element_type=\"container\">\n\t\t\t\t\t<div class=\"e-con-inner\">\n\t\t\t\t<div class=\"elementor-element elementor-element-05bf10a elementor-widget elementor-widget-heading\" data-id=\"05bf10a\" data-element_type=\"widget\" data-widget_type=\"heading.default\">\n\t\t\t\t\t<h2 class=\"elementor-heading-title elementor-size-default\">BEELDKWALITEIT EN VERANTWOORDELIJKHEID VOOR BEELDMATERIAAL<\/h2>\t\t\t\t<\/div>\n\t\t\t\t<div class=\"elementor-element elementor-element-5d626fd elementor-widget elementor-widget-text-editor\" data-id=\"5d626fd\" data-element_type=\"widget\" data-widget_type=\"text-editor.default\">\n\t\t\t\t\t\t\t\t\t<p data-syno-attrs=\"{\"textMarks\":[{\"_\":\"font_size\",\"value\":12},{\"_\":\"font_family\",\"complexScript\":\"Times New Roman\",\"eastAsia\":\"Times New Roman\",\"value\":\"Times New Roman\"},{\"_\":\"em\",\"value\":false},{\"_\":\"strong\",\"value\":false},{\"_\":\"color\",\"value\":\"#000000\"},{\"_\":\"background_color\",\"value\":\"#ffffff\"},{\"_\":\"underline\",\"value\":false},{\"_\":\"strike\",\"value\":false}]}\">Het is de verantwoordelijkheid van de klant om ervoor te zorgen dat de ge\u00fcploade afbeeldingen een voldoende resolutie en kwaliteit hebben voor het gewenste product. Als een afbeelding met een lage resolutie is gemaakt of van slechte kwaliteit is, kunnen afdrukken en vergrotingen de afbeelding niet verbeteren en zal het eindproduct niet van betere kwaliteit zijn dan de oorspronkelijke afbeelding toelaat. Pictino ApS aanvaardt geen verantwoordelijkheid voor de beeldkwaliteit van het eindproduct als deze te wijten is aan omstandigheden met betrekking tot de ge\u00fcploade afbeeldingen.  <\/p>\t\t\t\t\t\t\t\t<\/div>\n\t\t\t\t\t<\/div>\n\t\t\t\t<\/div>\n\t\t\t\t<\/div>\n\t\t\t\t<\/div>\n\t\t","protected":false},"excerpt":{"rendered":"<p>DE KLEINE LETTERTJES Verzending en levering Alle zendingen worden als brievenbuspost verzonden via de Deense posterijen (PostNord) en daarna overgedragen aan PostNL of Bpost. De zending wordt doorgaans binnen 8-9 werkdagen bezorgd. Tijdens vakantieperiodes en feestdagen kan een langere levertijd gelden.Bestellingen worden rechtstreeks verstuurd naar het leveradres dat je aan ons hebt doorgegeven. LET OP: [&hellip;]<\/p>\n","protected":false},"author":5,"featured_media":0,"parent":0,"menu_order":0,"comment_status":"closed","ping_status":"closed","template":"page-no-title","meta":{"_acf_changed":false,"footnotes":""},"class_list":["post-4871","page","type-page","status-publish","hentry"],"acf":[],"_links":{"self":[{"href":"https:\/\/www.pictino.com\/nl\/wp-json\/wp\/v2\/pages\/4871","targetHints":{"allow":["GET"]}}],"collection":[{"href":"https:\/\/www.pictino.com\/nl\/wp-json\/wp\/v2\/pages"}],"about":[{"href":"https:\/\/www.pictino.com\/nl\/wp-json\/wp\/v2\/types\/page"}],"author":[{"embeddable":true,"href":"https:\/\/www.pictino.com\/nl\/wp-json\/wp\/v2\/users\/5"}],"replies":[{"embeddable":true,"href":"https:\/\/www.pictino.com\/nl\/wp-json\/wp\/v2\/comments?post=4871"}],"version-history":[{"count":5,"href":"https:\/\/www.pictino.com\/nl\/wp-json\/wp\/v2\/pages\/4871\/revisions"}],"predecessor-version":[{"id":9664,"href":"https:\/\/www.pictino.com\/nl\/wp-json\/wp\/v2\/pages\/4871\/revisions\/9664"}],"wp:attachment":[{"href":"https:\/\/www.pictino.com\/nl\/wp-json\/wp\/v2\/media?parent=4871"}],"curies":[{"name":"wp","href":"https:\/\/api.w.org\/{rel}","templated":true}]}}