{"id":3889,"date":"2025-07-10T11:05:58","date_gmt":"2025-07-10T09:05:58","guid":{"rendered":"https:\/\/www.pictino.com\/handelsvilkar\/"},"modified":"2026-03-11T11:20:59","modified_gmt":"2026-03-11T10:20:59","slug":"handelsvilkar","status":"publish","type":"page","link":"https:\/\/www.pictino.com\/no\/handelsvilkar\/","title":{"rendered":"Handelsvilk\u00e5r"},"content":{"rendered":"\t\t<div data-elementor-type=\"wp-page\" data-elementor-id=\"3889\" class=\"elementor elementor-3889 elementor-186\">\n\t\t\t\t<div class=\"elementor-element elementor-element-421a736 e-con-full e-flex e-con e-parent\" data-id=\"421a736\" data-element_type=\"container\">\n\t\t<div class=\"elementor-element elementor-element-6b05d04 e-flex e-con-boxed e-con e-child\" data-id=\"6b05d04\" data-element_type=\"container\">\n\t\t\t\t\t<div class=\"e-con-inner\">\n\t\t\t\t<div class=\"elementor-element elementor-element-4dc357d elementor-widget elementor-widget-heading\" data-id=\"4dc357d\" data-element_type=\"widget\" data-widget_type=\"heading.default\">\n\t\t\t\t\t<h1 class=\"elementor-heading-title elementor-size-default\">DET MED LITEN SKRIFT<\/h1>\t\t\t\t<\/div>\n\t\t\t\t\t<\/div>\n\t\t\t\t<\/div>\n\t\t<div class=\"elementor-element elementor-element-8dbc281 e-flex e-con-boxed e-con e-child\" data-id=\"8dbc281\" data-element_type=\"container\">\n\t\t\t\t\t<div class=\"e-con-inner\">\n\t\t\t\t<div class=\"elementor-element elementor-element-cbc3a50 elementor-widget elementor-widget-heading\" data-id=\"cbc3a50\" data-element_type=\"widget\" data-widget_type=\"heading.default\">\n\t\t\t\t\t<h2 class=\"elementor-heading-title elementor-size-default\">FRAKT OG LEVERING<\/h2>\t\t\t\t<\/div>\n\t\t\t\t<div class=\"elementor-element elementor-element-c9520e9 elementor-widget elementor-widget-text-editor\" data-id=\"c9520e9\" data-element_type=\"widget\" data-widget_type=\"text-editor.default\">\n\t\t\t\t\t\t\t\t\t<p data-syno-attrs=\"{\"textMarks\":[{\"_\":\"font_size\",\"value\":12},{\"_\":\"font_family\",\"complexScript\":\"Times New Roman\",\"eastAsia\":\"Times New Roman\",\"value\":\"Times New Roman\"},{\"_\":\"strong\",\"value\":false}]}\">Alle forsendelser sendes som pakke med PostNord. Pakken kan forventes levert i l\u00f8pet av 8-10 hverdager. Vi tar forbehold om lengre leveringstid i visse perioder med helligdager og ferie. <br>Varer kan dessverre ikke hentes p\u00e5 v\u00e5rt lager.<br>N\u00e5r ordren din er sendt og skannet hos PostNord mottar du en e-post med melding om dette. E-posten inneholder et Track &amp; Trace-nummer, slik at du kan spore pakkeleveringen.        <\/p>\t\t\t\t\t\t\t\t<\/div>\n\t\t\t\t\t<\/div>\n\t\t\t\t<\/div>\n\t\t<div class=\"elementor-element elementor-element-8902f97 e-flex e-con-boxed e-con e-child\" data-id=\"8902f97\" data-element_type=\"container\">\n\t\t\t\t\t<div class=\"e-con-inner\">\n\t\t\t\t<div class=\"elementor-element elementor-element-b017a66 elementor-widget elementor-widget-heading\" data-id=\"b017a66\" data-element_type=\"widget\" data-widget_type=\"heading.default\">\n\t\t\t\t\t<h2 class=\"elementor-heading-title elementor-size-default\">RETUR\/BYTTERETT<\/h2>\t\t\t\t<\/div>\n\t\t\t\t<div class=\"elementor-element elementor-element-6e5adea elementor-widget elementor-widget-text-editor\" data-id=\"6e5adea\" data-element_type=\"widget\" data-widget_type=\"text-editor.default\">\n\t\t\t\t\t\t\t\t\t<p data-syno-attrs=\"{\"textMarks\":[{\"_\":\"font_size\",\"value\":12},{\"_\":\"font_family\",\"complexScript\":\"Times New Roman\",\"eastAsia\":\"Times New Roman\",\"value\":\"Times New Roman\"},{\"_\":\"strong\",\"value\":false}]}\">Fordi alle produktene er unike og personlig produsert for hver enkelt kunde, kan de dessverre ikke returneres. Derfor er det viktig at du kontrollerer alle opplysningene du taster inn under bestillingen.<br>Bestillingen kan ikke annulleres siden den er laget spesielt til deg.   <\/p>\t\t\t\t\t\t\t\t<\/div>\n\t\t\t\t\t<\/div>\n\t\t\t\t<\/div>\n\t\t<div class=\"elementor-element elementor-element-9f2b2e3 e-flex e-con-boxed e-con e-child\" data-id=\"9f2b2e3\" data-element_type=\"container\">\n\t\t\t\t\t<div class=\"e-con-inner\">\n\t\t\t\t<div class=\"elementor-element elementor-element-6a36003 elementor-widget elementor-widget-heading\" data-id=\"6a36003\" data-element_type=\"widget\" data-widget_type=\"heading.default\">\n\t\t\t\t\t<h2 class=\"elementor-heading-title elementor-size-default\">BETALINGSINFORMASJON<\/h2>\t\t\t\t<\/div>\n\t\t\t\t<div class=\"elementor-element elementor-element-3eef559 elementor-widget elementor-widget-text-editor\" data-id=\"3eef559\" data-element_type=\"widget\" data-widget_type=\"text-editor.default\">\n\t\t\t\t\t\t\t\t\t<p data-syno-attrs=\"{\"textMarks\":[{\"_\":\"font_size\",\"value\":12},{\"_\":\"font_family\",\"complexScript\":\"Times New Roman\",\"eastAsia\":\"Times New Roman\",\"value\":\"Times New Roman\"},{\"_\":\"strong\",\"value\":false}]}\">Alle priser er angitt i NOK og er inklusiv moms. Hos Pictino kan du betale med Klarna, Visa, Visa Electron, MasterCard, Maestro og Apple Pay.<br><br>Vi hever naturligvis bel\u00f8pet p\u00e5 ordren f\u00f8rst etter at den er sendt. <\/p>\t\t\t\t\t\t\t\t<\/div>\n\t\t\t\t\t<\/div>\n\t\t\t\t<\/div>\n\t\t<div class=\"elementor-element elementor-element-67b5f40 e-flex e-con-boxed e-con e-child\" data-id=\"67b5f40\" data-element_type=\"container\">\n\t\t\t\t\t<div class=\"e-con-inner\">\n\t\t\t\t<div class=\"elementor-element elementor-element-57f7d6d elementor-widget elementor-widget-heading\" data-id=\"57f7d6d\" data-element_type=\"widget\" data-widget_type=\"heading.default\">\n\t\t\t\t\t<h2 class=\"elementor-heading-title elementor-size-default\">SIKKERHET<\/h2>\t\t\t\t<\/div>\n\t\t\t\t<div class=\"elementor-element elementor-element-01f9d66 elementor-widget elementor-widget-text-editor\" data-id=\"01f9d66\" data-element_type=\"widget\" data-widget_type=\"text-editor.default\">\n\t\t\t\t\t\t\t\t\t<p data-syno-attrs=\"{\"textMarks\":[{\"_\":\"font_size\",\"value\":12},{\"_\":\"font_family\",\"complexScript\":\"Times New Roman\",\"eastAsia\":\"Times New Roman\",\"value\":\"Times New Roman\"},{\"_\":\"strong\",\"value\":false}]}\">Vi bruker Adyen til \u00e5 styre betalingene. Adyen krypterer alle kortopplysningene med den s\u00e5kalte TLS (Transport Layer Security). Det betyr at uvedkommende ikke kan lese kortnummeret eller annen informasjon under transaksjonen. Opplysningene som gis av Pictino.com oppbevares med det ene form\u00e5l \u00e5 kunne betjene deg som kunde og levere varene dine. Ved betaling og inntasting av kortopplysninger skjer dette direkte gjennom Adyen. Derfor er kortopplysningene dine 100 % sikre hos Adyen. Hverken Pictino.com eller andre har mulighet til \u00e5 f\u00e5 adgang.<br>Visa\/Mastercard stiller ogs\u00e5 garanti for forbrukernes penger ved handel p\u00e5 nettet. Som kunde er du sikret mot misbruk og har ingen egenrisiko.      <\/p>\t\t\t\t\t\t\t\t<\/div>\n\t\t\t\t\t<\/div>\n\t\t\t\t<\/div>\n\t\t<div class=\"elementor-element elementor-element-077df97 e-flex e-con-boxed e-con e-child\" data-id=\"077df97\" data-element_type=\"container\">\n\t\t\t\t\t<div class=\"e-con-inner\">\n\t\t\t\t<div class=\"elementor-element elementor-element-f6c26e9 elementor-widget elementor-widget-heading\" data-id=\"f6c26e9\" data-element_type=\"widget\" data-widget_type=\"heading.default\">\n\t\t\t\t\t<h2 class=\"elementor-heading-title elementor-size-default\">E-POSTER OG MARKEDSF\u00d8RING<\/h2>\t\t\t\t<\/div>\n\t\t\t\t<div class=\"elementor-element elementor-element-d1975a4 elementor-widget elementor-widget-text-editor\" data-id=\"d1975a4\" data-element_type=\"widget\" data-widget_type=\"text-editor.default\">\n\t\t\t\t\t\t\t\t\t<p data-syno-attrs=\"{\"textMarks\":[{\"_\":\"font_size\",\"value\":12},{\"_\":\"font_family\",\"complexScript\":\"Times New Roman\",\"eastAsia\":\"Times New Roman\",\"value\":\"Times New Roman\"},{\"_\":\"strong\",\"value\":false}]}\">Som en del av av v\u00e5r kundeservice, sender vi ut forskjellige e-poster i forbindelse med kj\u00f8p. Dette inkluderer en ordrebekreftelse, en kvittering, en e-post om at ordren er sendt, og en bekreftelse p\u00e5 endringer dersom du har rettet i opplysningene dine innen 1 time etter at bestillingen er gjennomf\u00f8rt. <br>N\u00e5r du foretar en bestilling hos Pictino, f\u00e5r du ogs\u00e5 muligheten til \u00e5 melde deg p\u00e5 v\u00e5rt nyhetsbrev, der vi jevnlig deler spennende nyheter og relevante tilbud. Det er valgfritt om du \u00f8nsker dette, og du kan n\u00e5r som helst melde deg av igjen.  <\/p>\t\t\t\t\t\t\t\t<\/div>\n\t\t\t\t\t<\/div>\n\t\t\t\t<\/div>\n\t\t<div class=\"elementor-element elementor-element-08766b4 e-flex e-con-boxed e-con e-child\" data-id=\"08766b4\" data-element_type=\"container\">\n\t\t\t\t\t<div class=\"e-con-inner\">\n\t\t\t\t<div class=\"elementor-element elementor-element-1fe40d9 elementor-widget elementor-widget-heading\" data-id=\"1fe40d9\" data-element_type=\"widget\" data-widget_type=\"heading.default\">\n\t\t\t\t\t<h1 class=\"elementor-heading-title elementor-size-default\">HANDELSBETINGELSER:<\/h1>\t\t\t\t<\/div>\n\t\t\t\t\t<\/div>\n\t\t\t\t<\/div>\n\t\t<div class=\"elementor-element elementor-element-bc2c852 e-flex e-con-boxed e-con e-child\" data-id=\"bc2c852\" data-element_type=\"container\">\n\t\t\t\t\t<div class=\"e-con-inner\">\n\t\t\t\t<div class=\"elementor-element elementor-element-925a8d8 elementor-widget elementor-widget-heading\" data-id=\"925a8d8\" data-element_type=\"widget\" data-widget_type=\"heading.default\">\n\t\t\t\t\t<h2 class=\"elementor-heading-title elementor-size-default\">FORM\u00c5L OG OMFANG<\/h2>\t\t\t\t<\/div>\n\t\t\t\t<div class=\"elementor-element elementor-element-2a6a814 elementor-widget elementor-widget-text-editor\" data-id=\"2a6a814\" data-element_type=\"widget\" data-widget_type=\"text-editor.default\">\n\t\t\t\t\t\t\t\t\t<p data-syno-attrs=\"{\"textMarks\":[{\"_\":\"font_size\",\"value\":12},{\"_\":\"font_family\",\"complexScript\":\"Times New Roman\",\"eastAsia\":\"Times New Roman\",\"value\":\"Times New Roman\"},{\"_\":\"em\",\"value\":false},{\"_\":\"strong\",\"value\":false},{\"_\":\"color\",\"value\":\"#000000\"},{\"_\":\"background_color\",\"value\":\"#ffffff\"},{\"_\":\"underline\",\"value\":false},{\"_\":\"strike\",\"value\":false}]}\">Disse betingelsene fastlegger n\u00e6rmere vilk\u00e5rene for levering av varer og tjenester fra Pictino. Ved hvert kj\u00f8p aksepteres vilk\u00e5rene i handelsbetingelsene. Pictino forbeholder seg retten til \u00e5 endre betingelsene, uten varsel og med virkning for allerede inng\u00e5tte avtaler.  <\/p>\t\t\t\t\t\t\t\t<\/div>\n\t\t\t\t\t<\/div>\n\t\t\t\t<\/div>\n\t\t<div class=\"elementor-element elementor-element-3c04925 e-flex e-con-boxed e-con e-child\" data-id=\"3c04925\" data-element_type=\"container\">\n\t\t\t\t\t<div class=\"e-con-inner\">\n\t\t\t\t<div class=\"elementor-element elementor-element-8f24b51 elementor-widget elementor-widget-heading\" data-id=\"8f24b51\" data-element_type=\"widget\" data-widget_type=\"heading.default\">\n\t\t\t\t\t<h2 class=\"elementor-heading-title elementor-size-default\">PRIS OG BETALING<\/h2>\t\t\t\t<\/div>\n\t\t\t\t<div class=\"elementor-element elementor-element-048d296 elementor-widget elementor-widget-text-editor\" data-id=\"048d296\" data-element_type=\"widget\" data-widget_type=\"text-editor.default\">\n\t\t\t\t\t\t\t\t\t<p data-syno-attrs=\"{\"textMarks\":[{\"_\":\"font_size\",\"value\":12},{\"_\":\"font_family\",\"complexScript\":\"Times New Roman\",\"eastAsia\":\"Times New Roman\",\"value\":\"Times New Roman\"},{\"_\":\"em\",\"value\":false},{\"_\":\"strong\",\"value\":false},{\"_\":\"color\",\"value\":\"#000000\"},{\"_\":\"background_color\",\"value\":\"#ffffff\"},{\"_\":\"underline\",\"value\":false},{\"_\":\"strike\",\"value\":false}]}\">Alle priser som vises p\u00e5 Pictino.com er inklusive moms, og derp\u00e5 legges fraktomkostninger, med mindre annet er angitt. Betaling skjer ved endt bestilling, via en av betalingsm\u00e5tene som er anerkjent p\u00e5 hjemmesiden. <\/p>\t\t\t\t\t\t\t\t<\/div>\n\t\t\t\t\t<\/div>\n\t\t\t\t<\/div>\n\t\t<div class=\"elementor-element elementor-element-0104b37 e-flex e-con-boxed e-con e-child\" data-id=\"0104b37\" data-element_type=\"container\">\n\t\t\t\t\t<div class=\"e-con-inner\">\n\t\t\t\t<div class=\"elementor-element elementor-element-dfe8e0c elementor-widget elementor-widget-heading\" data-id=\"dfe8e0c\" data-element_type=\"widget\" data-widget_type=\"heading.default\">\n\t\t\t\t\t<h2 class=\"elementor-heading-title elementor-size-default\">LEVERING OG FORSINKELSE<\/h2>\t\t\t\t<\/div>\n\t\t\t\t<div class=\"elementor-element elementor-element-e900d66 elementor-widget elementor-widget-text-editor\" data-id=\"e900d66\" data-element_type=\"widget\" data-widget_type=\"text-editor.default\">\n\t\t\t\t\t\t\t\t\t<p data-syno-attrs=\"{\"textMarks\":[{\"_\":\"font_size\",\"value\":12},{\"_\":\"font_family\",\"complexScript\":\"Times New Roman\",\"eastAsia\":\"Times New Roman\",\"value\":\"Times New Roman\"},{\"_\":\"em\",\"value\":false},{\"_\":\"strong\",\"value\":false},{\"_\":\"color\",\"value\":\"#000000\"},{\"_\":\"underline\",\"value\":false},{\"_\":\"strike\",\"value\":false}]}\">Levering finner sted n\u00e5r produktet er ferdig. Som hovedregel produseres og sendes produktene innen 8-10 hverdager etter at bestillingen er gjennomf\u00f8rt. Kunden har rett til \u00e5 heve avtalen p\u00e5 betingelsene av avsending av forutg\u00e5ende p\u00e5bud, dersom tidsplanen overskrides vesentlig. Vesentlig forsinkelse inntrer tidligst ved mer enn 30 arbeidsdagers avvik fra en avtalt frist. Dersom tidsplanen forskyves p\u00e5 grunn av forhold som Pictino ikke har ansvar for (herunder forsinkelse eller manglende levering fra underleverand\u00f8rer, forsinkelser hos kunden og kundens manglende medvirkning), vil forsinkelsen ikke medf\u00f8re at kunden tillegges misligholdsheftelser, herunder adgang til oppheving av kj\u00f8pet.<br>Pictino kan ikke holdes ansvarlig for forsinkelser eller forhindret levering som skyldes force majeure. Dersom en begivenhet som Pictino ikke b\u00e6rer ansvar for f\u00f8rer til at oppfyllingen av Pictino sine leveringsforpliktelser fordyres, er Pictino ikke forpliktet til \u00e5 gjennomf\u00f8re disse. Ved beviselig betimelig avsendelse (i forhold til avtalte tidspunkt for levering) kan Pictino ikke holdes ansvarlig for post- og fraktleverand\u00f8rs forsinkede levering eller bortkomne forsendelser. Kunden kan aldri gj\u00f8re forsinkelse gjeldende for produkter som allerede er levert.      <\/p>\t\t\t\t\t\t\t\t<\/div>\n\t\t\t\t\t<\/div>\n\t\t\t\t<\/div>\n\t\t<div class=\"elementor-element elementor-element-daabcbf e-flex e-con-boxed e-con e-child\" data-id=\"daabcbf\" data-element_type=\"container\">\n\t\t\t\t\t<div class=\"e-con-inner\">\n\t\t\t\t<div class=\"elementor-element elementor-element-74950ec elementor-widget elementor-widget-heading\" data-id=\"74950ec\" data-element_type=\"widget\" data-widget_type=\"heading.default\">\n\t\t\t\t\t<h2 class=\"elementor-heading-title elementor-size-default\">EIENDOMSFORHOLD<\/h2>\t\t\t\t<\/div>\n\t\t\t\t<div class=\"elementor-element elementor-element-ce943cc elementor-widget elementor-widget-text-editor\" data-id=\"ce943cc\" data-element_type=\"widget\" data-widget_type=\"text-editor.default\">\n\t\t\t\t\t\t\t\t\t<p data-syno-attrs=\"{\"textMarks\":[{\"_\":\"font_size\",\"value\":12},{\"_\":\"font_family\",\"complexScript\":\"Times New Roman\",\"eastAsia\":\"Times New Roman\",\"value\":\"Times New Roman\"},{\"_\":\"em\",\"value\":false},{\"_\":\"strong\",\"value\":false},{\"_\":\"color\",\"value\":\"#000000\"},{\"_\":\"background_color\",\"value\":\"#ffffff\"},{\"_\":\"underline\",\"value\":false},{\"_\":\"strike\",\"value\":false}]}\">Kunden f\u00e5r eiendomsrett til fysiske eksemplarer av et produkt f\u00f8rst n\u00e5r det har forekommet full betaling til Pictino. Samtlige varer fra Pictino forblir dennes eiendom frem til full betaling er mottatt. Etter eiendomsrettens overf\u00f8ring til kunden forbeholder Pictino seg retten til \u00e5 bruke det fremstilte arbeidet som referanse i sin egen markedsf\u00f8ring.  <\/p>\t\t\t\t\t\t\t\t<\/div>\n\t\t\t\t\t<\/div>\n\t\t\t\t<\/div>\n\t\t<div class=\"elementor-element elementor-element-ff13a36 e-flex e-con-boxed e-con e-child\" data-id=\"ff13a36\" data-element_type=\"container\">\n\t\t\t\t\t<div class=\"e-con-inner\">\n\t\t\t\t<div class=\"elementor-element elementor-element-ed43212 elementor-widget elementor-widget-heading\" data-id=\"ed43212\" data-element_type=\"widget\" data-widget_type=\"heading.default\">\n\t\t\t\t\t<h2 class=\"elementor-heading-title elementor-size-default\">REKLAMASJON OG MANGLER<\/h2>\t\t\t\t<\/div>\n\t\t\t\t<div class=\"elementor-element elementor-element-a1417f6 elementor-widget elementor-widget-text-editor\" data-id=\"a1417f6\" data-element_type=\"widget\" data-widget_type=\"text-editor.default\">\n\t\t\t\t\t\t\t\t\t<p data-syno-attrs=\"{\"textMarks\":[{\"_\":\"font_size\",\"value\":12},{\"_\":\"font_family\",\"complexScript\":\"Times New Roman\",\"eastAsia\":\"Times New Roman\",\"value\":\"Times New Roman\"},{\"_\":\"em\",\"value\":false},{\"_\":\"strong\",\"value\":false},{\"_\":\"color\",\"value\":\"#000000\"},{\"_\":\"underline\",\"value\":false},{\"_\":\"strike\",\"value\":false}]}\">Pictino har intet ansvar for feil som kunden ikke skriftlig har rettet innen bestillingen ble foretatt. Hvis det viser seg at leveransen er mangelfull eller inneholder feil, er kunden forpliktet til \u00e5 reklamere kj\u00f8pet innen rimelig tid, ved \u00e5 kontakte oss direkte. Pictino har rett til \u00e5 pr\u00f8ve \u00e5 avhjelpe en mangel, forutsatt at dette kan skje innen rimelig tid og s\u00e5fremt det vurderes at Pictino kan holdes ansvarlig for feilen.  <\/p><p>MERK: fargene i den endelige trykte boken kan avvike fra fargene som representeres ved skjermvisning, og dette anses ikke som en feil. <br><\/p>\t\t\t\t\t\t\t\t<\/div>\n\t\t\t\t\t<\/div>\n\t\t\t\t<\/div>\n\t\t<div class=\"elementor-element elementor-element-a186205 e-flex e-con-boxed e-con e-child\" data-id=\"a186205\" data-element_type=\"container\">\n\t\t\t\t\t<div class=\"e-con-inner\">\n\t\t\t\t<div class=\"elementor-element elementor-element-632fc5d elementor-widget elementor-widget-heading\" data-id=\"632fc5d\" data-element_type=\"widget\" data-widget_type=\"heading.default\">\n\t\t\t\t\t<h2 class=\"elementor-heading-title elementor-size-default\">BEGRENSET ANSVAR<\/h2>\t\t\t\t<\/div>\n\t\t\t\t<div class=\"elementor-element elementor-element-9982f4b elementor-widget elementor-widget-text-editor\" data-id=\"9982f4b\" data-element_type=\"widget\" data-widget_type=\"text-editor.default\">\n\t\t\t\t\t\t\t\t\t<p data-syno-attrs=\"{\"textMarks\":[{\"_\":\"font_size\",\"value\":12},{\"_\":\"font_family\",\"complexScript\":\"Times New Roman\",\"eastAsia\":\"Times New Roman\",\"value\":\"Times New Roman\"},{\"_\":\"em\",\"value\":false},{\"_\":\"strong\",\"value\":false},{\"_\":\"color\",\"value\":\"#000000\"},{\"_\":\"background_color\",\"value\":\"#ffffff\"},{\"_\":\"underline\",\"value\":false},{\"_\":\"strike\",\"value\":false}]}\">I tilfelle forsinkelse eller mangler ved de leverte produktene er Pictino ikke ansvarlig for driftstap, tap av avanse eller annet indirekte tap, herunder tap som f\u00f8lge av kundens juridiske forpliktelser overfor en tredjepart. Pictino er for\u00f8vrig kun erstatningsansvarlig overfor kunden ved tap eller skade p\u00e5f\u00f8rt som f\u00f8lge av grov uaktsomhet eller forsettlige handlinger. Pictino er ikke ansvarlig for indirekte tap eller direkte tap hvis sistnevnte skjer som f\u00f8lge av forsinkelser eller tap av data eller tapt inntjening.  <\/p>\t\t\t\t\t\t\t\t<\/div>\n\t\t\t\t\t<\/div>\n\t\t\t\t<\/div>\n\t\t<div class=\"elementor-element elementor-element-1eb1bca e-flex e-con-boxed e-con e-child\" data-id=\"1eb1bca\" data-element_type=\"container\">\n\t\t\t\t\t<div class=\"e-con-inner\">\n\t\t\t\t<div class=\"elementor-element elementor-element-814d05a elementor-widget elementor-widget-heading\" data-id=\"814d05a\" data-element_type=\"widget\" data-widget_type=\"heading.default\">\n\t\t\t\t\t<h2 class=\"elementor-heading-title elementor-size-default\">OPPHAVSRETTIGHETER<\/h2>\t\t\t\t<\/div>\n\t\t\t\t<div class=\"elementor-element elementor-element-74c071d elementor-widget elementor-widget-text-editor\" data-id=\"74c071d\" data-element_type=\"widget\" data-widget_type=\"text-editor.default\">\n\t\t\t\t\t\t\t\t\t<p data-syno-attrs=\"{\"textMarks\":[{\"_\":\"font_size\",\"value\":12},{\"_\":\"font_family\",\"complexScript\":\"Times New Roman\",\"eastAsia\":\"Times New Roman\",\"value\":\"Times New Roman\"},{\"_\":\"em\",\"value\":false},{\"_\":\"strong\",\"value\":false},{\"_\":\"color\",\"value\":\"#000000\"},{\"_\":\"background_color\",\"value\":\"#ffffff\"},{\"_\":\"underline\",\"value\":false},{\"_\":\"strike\",\"value\":false}]}\">N\u00e5r du laster opp bilder for bruk i v\u00e5re fotob\u00f8ker, erkl\u00e6rer du samtidig at du har de n\u00f8dvendige rettighetene til \u00e5 bruke, kopiere og videreformidle de aktuelle bildene. Det er kundens eget ansvar \u00e5 sikre at bruken av bildene ikke krenker tredjeparts opphavsrett, personvern eller andre gjeldende lover og regler.  <br>Pictino AS kan ikke holdes ansvarlig for bilder som lastes opp av kunden, og p\u00e5tar seg intet ansvar for eventuelle brudd p\u00e5 opphavsrett eller andre rettigheter beg\u00e5tt av kunden. Dersom en tredjepart fremsetter krav mot Pictino AS som f\u00f8lge av kundens opplasting og bruk av bilder, forbeholder vi oss retten til \u00e5 videreformidle et slikt krav til kunden. <\/p>\t\t\t\t\t\t\t\t<\/div>\n\t\t\t\t\t<\/div>\n\t\t\t\t<\/div>\n\t\t<div class=\"elementor-element elementor-element-b35bc3b e-flex e-con-boxed e-con e-child\" data-id=\"b35bc3b\" data-element_type=\"container\">\n\t\t\t\t\t<div class=\"e-con-inner\">\n\t\t\t\t<div class=\"elementor-element elementor-element-05bf10a elementor-widget elementor-widget-heading\" data-id=\"05bf10a\" data-element_type=\"widget\" data-widget_type=\"heading.default\">\n\t\t\t\t\t<h2 class=\"elementor-heading-title elementor-size-default\">BILDEKVALITET OG ANSVAR FOR BILDEMATERIALE<\/h2>\t\t\t\t<\/div>\n\t\t\t\t<div class=\"elementor-element elementor-element-5d626fd elementor-widget elementor-widget-text-editor\" data-id=\"5d626fd\" data-element_type=\"widget\" data-widget_type=\"text-editor.default\">\n\t\t\t\t\t\t\t\t\t<p data-syno-attrs=\"{\"textMarks\":[{\"_\":\"font_size\",\"value\":12},{\"_\":\"font_family\",\"complexScript\":\"Times New Roman\",\"eastAsia\":\"Times New Roman\",\"value\":\"Times New Roman\"},{\"_\":\"em\",\"value\":false},{\"_\":\"strong\",\"value\":false},{\"_\":\"color\",\"value\":\"#000000\"},{\"_\":\"background_color\",\"value\":\"#ffffff\"},{\"_\":\"underline\",\"value\":false},{\"_\":\"strike\",\"value\":false}]}\">Det er kundens ansvar \u00e5 s\u00f8rge for at de opplastede bildene har tilstrekkelig oppl\u00f8sning og kvalitet for det \u00f8nskede produktet. Hvis et bilde er tatt med lav oppl\u00f8sning eller er av d\u00e5rlig kvalitet, vil utskrifter og forst\u00f8rrelser ikke kunne forbedre bildet, og det ferdige produktet vil ikke v\u00e6re av bedre kvalitet enn det opprinnelige bildet tillater. Pictino AS tar ikke ansvar for bildekvaliteten p\u00e5 det endelige produktet dersom dette skyldes forhold ved de opplastede bildene.  <\/p>\t\t\t\t\t\t\t\t<\/div>\n\t\t\t\t\t<\/div>\n\t\t\t\t<\/div>\n\t\t\t\t<\/div>\n\t\t\t\t<\/div>\n\t\t","protected":false},"excerpt":{"rendered":"<p>DET MED LITEN SKRIFT FRAKT OG LEVERING Alle forsendelser sendes som pakke med PostNord. Pakken kan forventes levert i l\u00f8pet av 8-10 hverdager. Vi tar forbehold om lengre leveringstid i visse perioder med helligdager og ferie. Varer kan dessverre ikke hentes p\u00e5 v\u00e5rt lager.N\u00e5r ordren din er sendt og skannet hos PostNord mottar du en [&hellip;]<\/p>\n","protected":false},"author":5,"featured_media":0,"parent":0,"menu_order":0,"comment_status":"closed","ping_status":"closed","template":"page-no-title","meta":{"_acf_changed":false,"footnotes":""},"class_list":["post-3889","page","type-page","status-publish","hentry"],"acf":[],"_links":{"self":[{"href":"https:\/\/www.pictino.com\/no\/wp-json\/wp\/v2\/pages\/3889","targetHints":{"allow":["GET"]}}],"collection":[{"href":"https:\/\/www.pictino.com\/no\/wp-json\/wp\/v2\/pages"}],"about":[{"href":"https:\/\/www.pictino.com\/no\/wp-json\/wp\/v2\/types\/page"}],"author":[{"embeddable":true,"href":"https:\/\/www.pictino.com\/no\/wp-json\/wp\/v2\/users\/5"}],"replies":[{"embeddable":true,"href":"https:\/\/www.pictino.com\/no\/wp-json\/wp\/v2\/comments?post=3889"}],"version-history":[{"count":19,"href":"https:\/\/www.pictino.com\/no\/wp-json\/wp\/v2\/pages\/3889\/revisions"}],"predecessor-version":[{"id":9655,"href":"https:\/\/www.pictino.com\/no\/wp-json\/wp\/v2\/pages\/3889\/revisions\/9655"}],"wp:attachment":[{"href":"https:\/\/www.pictino.com\/no\/wp-json\/wp\/v2\/media?parent=3889"}],"curies":[{"name":"wp","href":"https:\/\/api.w.org\/{rel}","templated":true}]}}