{"id":5552,"date":"2025-10-28T12:30:05","date_gmt":"2025-10-28T11:30:05","guid":{"rendered":"https:\/\/www.pictino.com\/om-oss\/"},"modified":"2025-10-28T13:19:08","modified_gmt":"2025-10-28T12:19:08","slug":"om-oss","status":"publish","type":"page","link":"https:\/\/www.pictino.com\/no\/om-oss\/","title":{"rendered":"Om oss"},"content":{"rendered":"\t\t<div data-elementor-type=\"wp-page\" data-elementor-id=\"5552\" class=\"elementor elementor-5552 elementor-1558\">\n\t\t\t\t<div class=\"elementor-element elementor-element-3851834 e-con-full e-flex e-con e-parent\" data-id=\"3851834\" data-element_type=\"container\">\n\t\t<div class=\"elementor-element elementor-element-7cd5e04 e-con-full e-flex e-con e-child\" data-id=\"7cd5e04\" data-element_type=\"container\">\n\t\t<div class=\"elementor-element elementor-element-038b682 e-flex e-con-boxed e-con e-child\" data-id=\"038b682\" data-element_type=\"container\">\n\t\t\t\t\t<div class=\"e-con-inner\">\n\t\t\t\t<div class=\"elementor-element elementor-element-a99e71a elementor-widget elementor-widget-heading\" data-id=\"a99e71a\" data-element_type=\"widget\" data-widget_type=\"heading.default\">\n\t\t\t\t\t<h1 class=\"elementor-heading-title elementor-size-default\">Pictino<\/h1>\t\t\t\t<\/div>\n\t\t\t\t\t<\/div>\n\t\t\t\t<\/div>\n\t\t<div class=\"elementor-element elementor-element-51dfa1f e-flex e-con-boxed e-con e-child\" data-id=\"51dfa1f\" data-element_type=\"container\">\n\t\t\t\t\t<div class=\"e-con-inner\">\n\t\t\t\t<div class=\"elementor-element elementor-element-9afea8c elementor-widget elementor-widget-heading\" data-id=\"9afea8c\" data-element_type=\"widget\" data-widget_type=\"heading.default\">\n\t\t\t\t\t<h2 class=\"elementor-heading-title elementor-size-default\">Om oss<\/h2>\t\t\t\t<\/div>\n\t\t\t\t\t<\/div>\n\t\t\t\t<\/div>\n\t\t\t\t<\/div>\n\t\t<div class=\"elementor-element elementor-element-f4c53aa e-flex e-con-boxed e-con e-child\" data-id=\"f4c53aa\" data-element_type=\"container\">\n\t\t\t\t\t<div class=\"e-con-inner\">\n\t\t<div class=\"elementor-element elementor-element-b0860b0 e-con-full e-flex e-con e-child\" data-id=\"b0860b0\" data-element_type=\"container\">\n\t\t\t\t<div class=\"elementor-element elementor-element-a6a933c elementor-widget elementor-widget-image\" data-id=\"a6a933c\" data-element_type=\"widget\" data-widget_type=\"image.default\">\n\t\t\t\t\t\t\t\t\t\t\t\t\t\t\t<img fetchpriority=\"high\" decoding=\"async\" width=\"1024\" height=\"683\" src=\"https:\/\/www.pictino.com\/wp-content\/uploads\/2025\/10\/Hojtbord1-1024x683.jpg\" class=\"attachment-large size-large wp-image-7218\" alt=\"\" srcset=\"https:\/\/www.pictino.com\/wp-content\/uploads\/2025\/10\/Hojtbord1-1024x683.jpg 1024w, https:\/\/www.pictino.com\/wp-content\/uploads\/2025\/10\/Hojtbord1-300x200.jpg 300w, https:\/\/www.pictino.com\/wp-content\/uploads\/2025\/10\/Hojtbord1-768x512.jpg 768w, https:\/\/www.pictino.com\/wp-content\/uploads\/2025\/10\/Hojtbord1-600x400.jpg 600w, https:\/\/www.pictino.com\/wp-content\/uploads\/2025\/10\/Hojtbord1.jpg 1200w\" sizes=\"(max-width: 1024px) 100vw, 1024px\" \/>\t\t\t\t\t\t\t\t\t\t\t\t\t\t\t<\/div>\n\t\t\t\t<\/div>\n\t\t<div class=\"elementor-element elementor-element-a1b94b6 e-con-full e-flex e-con e-child\" data-id=\"a1b94b6\" data-element_type=\"container\">\n\t\t\t\t<div class=\"elementor-element elementor-element-1e50883 elementor-widget elementor-widget-text-editor\" data-id=\"1e50883\" data-element_type=\"widget\" data-widget_type=\"text-editor.default\">\n\t\t\t\t\t\t\t\t\t<p><strong>Hos Pictino tror vi p\u00e5<\/strong> at det verken trenger \u00e5 v\u00e6re dyrt eller vanskelig \u00e5 lage en fotobok. <br>Tiden b\u00f8r brukes p\u00e5 \u00e5 skape og nyte minner \u2013 ikke p\u00e5 \u00e5 bruke tid p\u00e5 kompliserte og dyre fotob\u00f8ker. Derfor har vi gjort det enkelt for deg: Med noen f\u00e5 valg kan du lage en fotobok med alle de bildene og minnene som betyr mest for deg.  <\/p>\t\t\t\t\t\t\t\t<\/div>\n\t\t\t\t<\/div>\n\t\t\t\t\t<\/div>\n\t\t\t\t<\/div>\n\t\t<div class=\"elementor-element elementor-element-9e742e7 e-flex e-con-boxed e-con e-child\" data-id=\"9e742e7\" data-element_type=\"container\">\n\t\t\t\t\t<div class=\"e-con-inner\">\n\t\t<div class=\"elementor-element elementor-element-cb76769 e-con-full e-flex e-con e-child\" data-id=\"cb76769\" data-element_type=\"container\">\n\t\t\t\t<div class=\"elementor-element elementor-element-5c056a1 elementor-widget elementor-widget-text-editor\" data-id=\"5c056a1\" data-element_type=\"widget\" data-widget_type=\"text-editor.default\">\n\t\t\t\t\t\t\t\t\t<strong>Bak Pictino<\/strong> st\u00e5r teamet fra <a href=\"https:\/\/www.minbestebok.no\/\" target=\"_blank\">Min Beste Bok<\/a>, som siden 2014 har laget over 2 millioner personlige barneb\u00f8ker av h\u00f8y kvalitet. N\u00e5 bruker vi v\u00e5r erfaring til \u00e5 hjelpe deg med \u00e5 fortelle din egen historie \u2013 for alle fortjener en god historie. \t\t\t\t\t\t\t\t<\/div>\n\t\t\t\t<\/div>\n\t\t<div class=\"elementor-element elementor-element-9a1d5e1 e-con-full e-flex e-con e-child\" data-id=\"9a1d5e1\" data-element_type=\"container\">\n\t\t\t\t<div class=\"elementor-element elementor-element-435ea50 elementor-widget elementor-widget-image\" data-id=\"435ea50\" data-element_type=\"widget\" data-widget_type=\"image.default\">\n\t\t\t\t\t\t\t\t\t\t\t\t\t\t\t<img decoding=\"async\" width=\"1024\" height=\"683\" src=\"https:\/\/www.pictino.com\/wp-content\/uploads\/2025\/10\/Gruppebillede-1024x683.jpg\" class=\"attachment-large size-large wp-image-7188\" alt=\"\" srcset=\"https:\/\/www.pictino.com\/wp-content\/uploads\/2025\/10\/Gruppebillede-1024x683.jpg 1024w, https:\/\/www.pictino.com\/wp-content\/uploads\/2025\/10\/Gruppebillede-300x200.jpg 300w, https:\/\/www.pictino.com\/wp-content\/uploads\/2025\/10\/Gruppebillede-768x512.jpg 768w, https:\/\/www.pictino.com\/wp-content\/uploads\/2025\/10\/Gruppebillede-600x400.jpg 600w, https:\/\/www.pictino.com\/wp-content\/uploads\/2025\/10\/Gruppebillede.jpg 1200w\" sizes=\"(max-width: 1024px) 100vw, 1024px\" \/>\t\t\t\t\t\t\t\t\t\t\t\t\t\t\t<\/div>\n\t\t\t\t<\/div>\n\t\t\t\t\t<\/div>\n\t\t\t\t<\/div>\n\t\t<div class=\"elementor-element elementor-element-8ceb487 e-flex e-con-boxed e-con e-child\" data-id=\"8ceb487\" data-element_type=\"container\">\n\t\t\t\t\t<div class=\"e-con-inner\">\n\t\t<div class=\"elementor-element elementor-element-95093e2 e-con-full e-flex e-con e-child\" data-id=\"95093e2\" data-element_type=\"container\">\n\t\t\t\t<div class=\"elementor-element elementor-element-49cfdca elementor-widget elementor-widget-image\" data-id=\"49cfdca\" data-element_type=\"widget\" data-widget_type=\"image.default\">\n\t\t\t\t\t\t\t\t\t\t\t\t\t\t\t<img decoding=\"async\" width=\"1024\" height=\"683\" src=\"https:\/\/www.pictino.com\/wp-content\/uploads\/2025\/10\/Modelokalet-1024x683.jpg\" class=\"attachment-large size-large wp-image-7234\" alt=\"\" srcset=\"https:\/\/www.pictino.com\/wp-content\/uploads\/2025\/10\/Modelokalet-1024x683.jpg 1024w, https:\/\/www.pictino.com\/wp-content\/uploads\/2025\/10\/Modelokalet-300x200.jpg 300w, https:\/\/www.pictino.com\/wp-content\/uploads\/2025\/10\/Modelokalet-768x512.jpg 768w, https:\/\/www.pictino.com\/wp-content\/uploads\/2025\/10\/Modelokalet-600x400.jpg 600w, https:\/\/www.pictino.com\/wp-content\/uploads\/2025\/10\/Modelokalet.jpg 1200w\" sizes=\"(max-width: 1024px) 100vw, 1024px\" \/>\t\t\t\t\t\t\t\t\t\t\t\t\t\t\t<\/div>\n\t\t\t\t<\/div>\n\t\t<div class=\"elementor-element elementor-element-96cdfa9 e-con-full e-flex e-con e-child\" data-id=\"96cdfa9\" data-element_type=\"container\">\n\t\t\t\t<div class=\"elementor-element elementor-element-816cc2b elementor-widget elementor-widget-text-editor\" data-id=\"816cc2b\" data-element_type=\"widget\" data-widget_type=\"text-editor.default\">\n\t\t\t\t\t\t\t\t\t<p><strong>Trenger du inspirasjon<\/strong> til din neste fotobok? Det finnes utallige muligheter \u2013 det viktigste er \u00e5 samle de \u00f8yeblikkene som betyr mest for deg og dine. Kanskje \u00f8nsker du \u00e5 lage en helt spesiell gave til konfirmanten, fylt med minner, sm\u00e5 historier og familiens egne ord?  <\/p>\t\t\t\t\t\t\t\t<\/div>\n\t\t\t\t<\/div>\n\t\t\t\t\t<\/div>\n\t\t\t\t<\/div>\n\t\t<div class=\"elementor-element elementor-element-8b98366 e-flex e-con-boxed e-con e-child\" data-id=\"8b98366\" data-element_type=\"container\">\n\t\t\t\t\t<div class=\"e-con-inner\">\n\t\t<div class=\"elementor-element elementor-element-d49c717 e-con-full e-flex e-con e-child\" data-id=\"d49c717\" data-element_type=\"container\">\n\t\t\t\t<div class=\"elementor-element elementor-element-35c236d elementor-widget elementor-widget-text-editor\" data-id=\"35c236d\" data-element_type=\"widget\" data-widget_type=\"text-editor.default\">\n\t\t\t\t\t\t\t\t\t<p><strong>Eller<\/strong> en fotobok til barnet som skal bli storebror eller stores\u00f8ster, med bilder og fortellinger fra deres f\u00f8rste \u00e5r \u2013 et nydelig bevis p\u00e5 at de er viktige og elsket i familien. <br>Du kan ogs\u00e5 samle barnas fargerike tegninger, forevige de uforglemmelige bryllupsminnene, lage en \u00e5rbok med \u00e5rets h\u00f8ydepunkter, eller rett og slett sette sammen sm\u00e5 glimt fra hverdagen. Uansett hvilke minner du har lyst til \u00e5 ta vare p\u00e5, hjelper vi deg \u00e5 gj\u00f8re dem levende \u2013 i en personlig og unik fotobok laget spesielt for deg og dine.   <\/p>\t\t\t\t\t\t\t\t<\/div>\n\t\t\t\t<\/div>\n\t\t<div class=\"elementor-element elementor-element-792be93 e-con-full e-flex e-con e-child\" data-id=\"792be93\" data-element_type=\"container\">\n\t\t\t\t<div class=\"elementor-element elementor-element-c702271 elementor-widget elementor-widget-image\" data-id=\"c702271\" data-element_type=\"widget\" data-widget_type=\"image.default\">\n\t\t\t\t\t\t\t\t\t\t\t\t\t\t\t<img loading=\"lazy\" decoding=\"async\" width=\"1024\" height=\"683\" src=\"https:\/\/www.pictino.com\/wp-content\/uploads\/2025\/10\/Hojtbord2-1024x683.jpg\" class=\"attachment-large size-large wp-image-7203\" alt=\"\" srcset=\"https:\/\/www.pictino.com\/wp-content\/uploads\/2025\/10\/Hojtbord2-1024x683.jpg 1024w, https:\/\/www.pictino.com\/wp-content\/uploads\/2025\/10\/Hojtbord2-300x200.jpg 300w, https:\/\/www.pictino.com\/wp-content\/uploads\/2025\/10\/Hojtbord2-768x512.jpg 768w, https:\/\/www.pictino.com\/wp-content\/uploads\/2025\/10\/Hojtbord2-600x400.jpg 600w, https:\/\/www.pictino.com\/wp-content\/uploads\/2025\/10\/Hojtbord2.jpg 1200w\" sizes=\"(max-width: 1024px) 100vw, 1024px\" \/>\t\t\t\t\t\t\t\t\t\t\t\t\t\t\t<\/div>\n\t\t\t\t<\/div>\n\t\t\t\t\t<\/div>\n\t\t\t\t<\/div>\n\t\t\t\t<\/div>\n\t\t\t\t<\/div>\n\t\t","protected":false},"excerpt":{"rendered":"<p>Pictino Om oss Hos Pictino tror vi p\u00e5 at det verken trenger \u00e5 v\u00e6re dyrt eller vanskelig \u00e5 lage en fotobok. Tiden b\u00f8r brukes p\u00e5 \u00e5 skape og nyte minner \u2013 ikke p\u00e5 \u00e5 bruke tid p\u00e5 kompliserte og dyre fotob\u00f8ker. Derfor har vi gjort det enkelt for deg: Med noen f\u00e5 valg kan du [&hellip;]<\/p>\n","protected":false},"author":5,"featured_media":0,"parent":0,"menu_order":0,"comment_status":"closed","ping_status":"closed","template":"page-no-title","meta":{"_acf_changed":false,"footnotes":""},"class_list":["post-5552","page","type-page","status-publish","hentry"],"acf":[],"_links":{"self":[{"href":"https:\/\/www.pictino.com\/no\/wp-json\/wp\/v2\/pages\/5552","targetHints":{"allow":["GET"]}}],"collection":[{"href":"https:\/\/www.pictino.com\/no\/wp-json\/wp\/v2\/pages"}],"about":[{"href":"https:\/\/www.pictino.com\/no\/wp-json\/wp\/v2\/types\/page"}],"author":[{"embeddable":true,"href":"https:\/\/www.pictino.com\/no\/wp-json\/wp\/v2\/users\/5"}],"replies":[{"embeddable":true,"href":"https:\/\/www.pictino.com\/no\/wp-json\/wp\/v2\/comments?post=5552"}],"version-history":[{"count":5,"href":"https:\/\/www.pictino.com\/no\/wp-json\/wp\/v2\/pages\/5552\/revisions"}],"predecessor-version":[{"id":7301,"href":"https:\/\/www.pictino.com\/no\/wp-json\/wp\/v2\/pages\/5552\/revisions\/7301"}],"wp:attachment":[{"href":"https:\/\/www.pictino.com\/no\/wp-json\/wp\/v2\/media?parent=5552"}],"curies":[{"name":"wp","href":"https:\/\/api.w.org\/{rel}","templated":true}]}}