{"id":3778,"date":"2025-09-24T14:02:20","date_gmt":"2025-09-24T12:02:20","guid":{"rendered":"https:\/\/www.pictino.com\/product\/fotobok\/"},"modified":"2025-10-03T15:30:53","modified_gmt":"2025-10-03T13:30:53","slug":"fotobocker","status":"publish","type":"product","link":"https:\/\/www.pictino.com\/sv\/produkt\/fotobocker\/","title":{"rendered":"Fotob\u00f6cker"},"content":{"rendered":"<p>Denne fotobog er en unik samling af minder, der indfanger s\u00e6rlige \u00f8jeblikke og smukke scener fra forskellige tider og steder. Hver side inviterer dig til at genopleve k\u00e6re oplevelser og fort\u00e6ller en visuel historie, der v\u00e6kker f\u00f8lelser til live. Uanset om bogen er fyldt med familiesammenkomster, betagende landskaber eller hverdagens \u00f8jebliksbilleder, fungerer den som en varig p\u00e5mindelse om de \u00f8jeblikke, der betyder allermest.   <\/p>\n","protected":false},"excerpt":{"rendered":"<p>Denne fotobog er en unik samling af minder, der indfanger s\u00e6rlige \u00f8jeblikke og smukke scener fra forskellige tider og steder. Hver side inviterer dig til at genopleve k\u00e6re oplevelser og fort\u00e6ller en visuel historie, der v\u00e6kker f\u00f8lelser til live. Uanset om bogen er fyldt med familiesammenkomster, betagende landskaber eller hverdagens \u00f8jebliksbilleder, fungerer den som en [&hellip;]<\/p>\n","protected":false},"featured_media":0,"comment_status":"closed","ping_status":"closed","template":"","meta":{"_acf_changed":false},"product_brand":[],"product_cat":[93],"product_tag":[],"class_list":{"0":"post-3778","1":"product","2":"type-product","3":"status-publish","5":"product_cat-okategoriserad","7":"first","8":"instock","9":"shipping-taxable","10":"purchasable","11":"product-type-variable","12":"has-default-attributes","13":"rtwpvg-product"},"acf":[],"_links":{"self":[{"href":"https:\/\/www.pictino.com\/sv\/wp-json\/wp\/v2\/product\/3778","targetHints":{"allow":["GET"]}}],"collection":[{"href":"https:\/\/www.pictino.com\/sv\/wp-json\/wp\/v2\/product"}],"about":[{"href":"https:\/\/www.pictino.com\/sv\/wp-json\/wp\/v2\/types\/product"}],"replies":[{"embeddable":true,"href":"https:\/\/www.pictino.com\/sv\/wp-json\/wp\/v2\/comments?post=3778"}],"wp:attachment":[{"href":"https:\/\/www.pictino.com\/sv\/wp-json\/wp\/v2\/media?parent=3778"}],"wp:term":[{"taxonomy":"product_brand","embeddable":true,"href":"https:\/\/www.pictino.com\/sv\/wp-json\/wp\/v2\/product_brand?post=3778"},{"taxonomy":"product_cat","embeddable":true,"href":"https:\/\/www.pictino.com\/sv\/wp-json\/wp\/v2\/product_cat?post=3778"},{"taxonomy":"product_tag","embeddable":true,"href":"https:\/\/www.pictino.com\/sv\/wp-json\/wp\/v2\/product_tag?post=3778"}],"curies":[{"name":"wp","href":"https:\/\/api.w.org\/{rel}","templated":true}]}}